{"id":5028,"date":"2024-06-20T15:02:20","date_gmt":"2024-06-20T13:02:20","guid":{"rendered":"https:\/\/eam-scientific.com\/?post_type=product&#038;p=5028"},"modified":"2024-06-28T10:13:19","modified_gmt":"2024-06-28T08:13:19","slug":"rollrandflasche-n-20-205x545-mm-100-ml-fl-bodenflacher-rr-braun","status":"publish","type":"product","link":"https:\/\/eam-scientific.com\/de\/produkt\/rollrandflasche-n-20-205x545-mm-100-ml-fl-bodenflacher-rr-braun\/","title":{"rendered":"Rollrandflasche, N 20, 20,5&#215;54,5 mm, 10,0 mL, fl. Boden,flacher RR, braun"},"content":{"rendered":"<p>Dieser Flaschentyp ist in Klar- und Braunglas, mit 5 mL und 10 mL erh\u00e4ltlich. Kann mit allen 20 mm B\u00f6rdelverschl\u00fcssen verschlossen werden.<\/p>\n","protected":false},"excerpt":{"rendered":"<p>Dieser Flaschentyp ist in Klar- und Braunglas, mit 5 mL und 10 mL erh\u00e4ltlich. Kann mit allen 20 mm B\u00f6rdelverschl\u00fcssen verschlossen werden.<\/p>\n","protected":false},"featured_media":5049,"comment_status":"open","ping_status":"closed","template":"","meta":[],"product_cat":[25,39,38],"product_tag":[],"class_list":{"0":"post-5028","1":"product","2":"type-product","3":"status-publish","4":"has-post-thumbnail","6":"product_cat-chromatographie","7":"product_cat-flaschen","8":"product_cat-flaschen-und-verschluesse","10":"first","11":"instock","12":"shipping-taxable","13":"product-type-simple"},"_links":{"self":[{"href":"https:\/\/eam-scientific.com\/de\/wp-json\/wp\/v2\/product\/5028","targetHints":{"allow":["GET"]}}],"collection":[{"href":"https:\/\/eam-scientific.com\/de\/wp-json\/wp\/v2\/product"}],"about":[{"href":"https:\/\/eam-scientific.com\/de\/wp-json\/wp\/v2\/types\/product"}],"replies":[{"embeddable":true,"href":"https:\/\/eam-scientific.com\/de\/wp-json\/wp\/v2\/comments?post=5028"}],"wp:featuredmedia":[{"embeddable":true,"href":"https:\/\/eam-scientific.com\/de\/wp-json\/wp\/v2\/media\/5049"}],"wp:attachment":[{"href":"https:\/\/eam-scientific.com\/de\/wp-json\/wp\/v2\/media?parent=5028"}],"wp:term":[{"taxonomy":"product_cat","embeddable":true,"href":"https:\/\/eam-scientific.com\/de\/wp-json\/wp\/v2\/product_cat?post=5028"},{"taxonomy":"product_tag","embeddable":true,"href":"https:\/\/eam-scientific.com\/de\/wp-json\/wp\/v2\/product_tag?post=5028"}],"curies":[{"name":"wp","href":"https:\/\/api.w.org\/{rel}","templated":true}]}}