{"id":5043,"date":"2024-06-20T15:02:42","date_gmt":"2024-06-20T13:02:42","guid":{"rendered":"https:\/\/eam-scientific.com\/?post_type=product&#038;p=5043"},"modified":"2024-06-28T10:13:21","modified_gmt":"2024-06-28T08:13:21","slug":"gewindeflasche-n-24-27-5x725-mm-300-ml-flacher-boden-braun","status":"publish","type":"product","link":"https:\/\/eam-scientific.com\/de\/produkt\/gewindeflasche-n-24-27-5x725-mm-300-ml-flacher-boden-braun\/","title":{"rendered":"Gewindeflasche, N 24, 27, 5&#215;72,5 mm, 30,0 mL, flacher Boden, braun"},"content":{"rendered":"<p>Gewindeflaschen N 24 (EPA) f\u00fcr VOC \/ TOC Analysen. Mit geschlossenen Schraubverschl\u00fcssen zur Probenaufbewahrung. Am h\u00e4ufigsten verwendet &#8211; 40 mL Klarglas. CoCs (Certificate of Compliance) k\u00f6nnen f\u00fcr jeden Flaschentyp angefordert werden.<\/p>\n","protected":false},"excerpt":{"rendered":"<p>Gewindeflaschen N 24 (EPA) f\u00fcr VOC \/ TOC Analysen. Mit geschlossenen Schraubverschl\u00fcssen zur Probenaufbewahrung. Am h\u00e4ufigsten verwendet &#8211; 40 mL Klarglas. CoCs (Certificate of Compliance) k\u00f6nnen f\u00fcr jeden Flaschentyp angefordert werden.<\/p>\n","protected":false},"featured_media":5054,"comment_status":"open","ping_status":"closed","template":"","meta":[],"product_cat":[25,39,38],"product_tag":[],"class_list":{"0":"post-5043","1":"product","2":"type-product","3":"status-publish","4":"has-post-thumbnail","6":"product_cat-chromatographie","7":"product_cat-flaschen","8":"product_cat-flaschen-und-verschluesse","10":"first","11":"instock","12":"shipping-taxable","13":"product-type-simple"},"_links":{"self":[{"href":"https:\/\/eam-scientific.com\/de\/wp-json\/wp\/v2\/product\/5043","targetHints":{"allow":["GET"]}}],"collection":[{"href":"https:\/\/eam-scientific.com\/de\/wp-json\/wp\/v2\/product"}],"about":[{"href":"https:\/\/eam-scientific.com\/de\/wp-json\/wp\/v2\/types\/product"}],"replies":[{"embeddable":true,"href":"https:\/\/eam-scientific.com\/de\/wp-json\/wp\/v2\/comments?post=5043"}],"wp:featuredmedia":[{"embeddable":true,"href":"https:\/\/eam-scientific.com\/de\/wp-json\/wp\/v2\/media\/5054"}],"wp:attachment":[{"href":"https:\/\/eam-scientific.com\/de\/wp-json\/wp\/v2\/media?parent=5043"}],"wp:term":[{"taxonomy":"product_cat","embeddable":true,"href":"https:\/\/eam-scientific.com\/de\/wp-json\/wp\/v2\/product_cat?post=5043"},{"taxonomy":"product_tag","embeddable":true,"href":"https:\/\/eam-scientific.com\/de\/wp-json\/wp\/v2\/product_tag?post=5043"}],"curies":[{"name":"wp","href":"https:\/\/api.w.org\/{rel}","templated":true}]}}