{"id":5077,"date":"2024-06-20T15:03:24","date_gmt":"2024-06-20T13:03:24","guid":{"rendered":"https:\/\/eam-scientific.com\/?post_type=product&#038;p=5077"},"modified":"2024-06-28T10:13:25","modified_gmt":"2024-06-28T08:13:25","slug":"gewindeflasche-n-10-116x320-mm-15-ml-flacher-boden-klar","status":"publish","type":"product","link":"https:\/\/eam-scientific.com\/de\/produkt\/gewindeflasche-n-10-116x320-mm-15-ml-flacher-boden-klar\/","title":{"rendered":"Gewindeflasche, N 10, 11,6&#215;32,0 mm, 1,5 mL, flacher Boden, klar"},"content":{"rendered":"<p>Gewindeflaschen N 10 mit weiter \u00d6ffnung, die Mikroeins\u00e4tze mit einem Durchmesser von 6 mm erfordern. H\u00e4ufig verwendet auf Waters, Shimadzu, PerkinElmer und Jasco Instrumenten. Mit einem Verschluss Ihrer Wahl k\u00f6nnen die Gewindeflaschen N 10 auch als Vial-Kit geliefert werden. CoCs (Certificate of Compliance) k\u00f6nnen f\u00fcr jeden Flaschentyp angefordert werden.<\/p>\n","protected":false},"excerpt":{"rendered":"<p>Gewindeflaschen N 10 mit weiter \u00d6ffnung, die Mikroeins\u00e4tze mit einem Durchmesser von 6 mm erfordern. H\u00e4ufig verwendet auf Waters, Shimadzu, PerkinElmer und Jasco Instrumenten. Mit einem Verschluss Ihrer Wahl k\u00f6nnen die Gewindeflaschen N 10 auch als Vial-Kit geliefert werden. CoCs (Certificate of Compliance) k\u00f6nnen f\u00fcr jeden Flaschentyp angefordert werden.<\/p>\n","protected":false},"featured_media":5088,"comment_status":"open","ping_status":"closed","template":"","meta":[],"product_cat":[25,39,38],"product_tag":[],"class_list":{"0":"post-5077","1":"product","2":"type-product","3":"status-publish","4":"has-post-thumbnail","6":"product_cat-chromatographie","7":"product_cat-flaschen","8":"product_cat-flaschen-und-verschluesse","10":"first","11":"instock","12":"shipping-taxable","13":"product-type-simple"},"_links":{"self":[{"href":"https:\/\/eam-scientific.com\/de\/wp-json\/wp\/v2\/product\/5077","targetHints":{"allow":["GET"]}}],"collection":[{"href":"https:\/\/eam-scientific.com\/de\/wp-json\/wp\/v2\/product"}],"about":[{"href":"https:\/\/eam-scientific.com\/de\/wp-json\/wp\/v2\/types\/product"}],"replies":[{"embeddable":true,"href":"https:\/\/eam-scientific.com\/de\/wp-json\/wp\/v2\/comments?post=5077"}],"wp:featuredmedia":[{"embeddable":true,"href":"https:\/\/eam-scientific.com\/de\/wp-json\/wp\/v2\/media\/5088"}],"wp:attachment":[{"href":"https:\/\/eam-scientific.com\/de\/wp-json\/wp\/v2\/media?parent=5077"}],"wp:term":[{"taxonomy":"product_cat","embeddable":true,"href":"https:\/\/eam-scientific.com\/de\/wp-json\/wp\/v2\/product_cat?post=5077"},{"taxonomy":"product_tag","embeddable":true,"href":"https:\/\/eam-scientific.com\/de\/wp-json\/wp\/v2\/product_tag?post=5077"}],"curies":[{"name":"wp","href":"https:\/\/api.w.org\/{rel}","templated":true}]}}