{"id":5081,"date":"2024-06-20T15:03:25","date_gmt":"2024-06-20T13:03:25","guid":{"rendered":"https:\/\/eam-scientific.com\/?post_type=product&#038;p=5081"},"modified":"2024-06-28T10:13:25","modified_gmt":"2024-06-28T08:13:25","slug":"rollrandflasche-n-20-217x3825-mm-50-ml-fl-boden-abgeschr-rr-klar","status":"publish","type":"product","link":"https:\/\/eam-scientific.com\/de\/produkt\/rollrandflasche-n-20-217x3825-mm-50-ml-fl-boden-abgeschr-rr-klar\/","title":{"rendered":"Rollrandflasche, N 20, 21,7&#215;38,25 mm, 5,0 mL, fl. Boden, abgeschr. RR, klar"},"content":{"rendered":"<p>Diese Rollrandflaschen N 20 mit abgeschr\u00e4gtem HS-Rollrand werden in Kombination mit dem Verschluss 702093 f\u00fcr die Karl-Fischer-Titration auf Metrohm Ger\u00e4ten eingesetzt.&nbsp;Konformit\u00e4tszertifikate (CoC = Certificate of Compliance) k\u00f6nnen f\u00fcr jeden Flaschentyp angefordert werden.<\/p>\n","protected":false},"excerpt":{"rendered":"<p>Diese Rollrandflaschen N 20 mit abgeschr\u00e4gtem HS-Rollrand werden in Kombination mit dem Verschluss 702093 f\u00fcr die Karl-Fischer-Titration auf Metrohm Ger\u00e4ten eingesetzt.&nbsp;Konformit\u00e4tszertifikate (CoC = Certificate of Compliance) k\u00f6nnen f\u00fcr jeden Flaschentyp angefordert werden.<\/p>\n","protected":false},"featured_media":5092,"comment_status":"open","ping_status":"closed","template":"","meta":[],"product_cat":[25,39,38],"product_tag":[],"class_list":{"0":"post-5081","1":"product","2":"type-product","3":"status-publish","4":"has-post-thumbnail","6":"product_cat-chromatographie","7":"product_cat-flaschen","8":"product_cat-flaschen-und-verschluesse","10":"first","11":"instock","12":"shipping-taxable","13":"product-type-simple"},"_links":{"self":[{"href":"https:\/\/eam-scientific.com\/de\/wp-json\/wp\/v2\/product\/5081","targetHints":{"allow":["GET"]}}],"collection":[{"href":"https:\/\/eam-scientific.com\/de\/wp-json\/wp\/v2\/product"}],"about":[{"href":"https:\/\/eam-scientific.com\/de\/wp-json\/wp\/v2\/types\/product"}],"replies":[{"embeddable":true,"href":"https:\/\/eam-scientific.com\/de\/wp-json\/wp\/v2\/comments?post=5081"}],"wp:featuredmedia":[{"embeddable":true,"href":"https:\/\/eam-scientific.com\/de\/wp-json\/wp\/v2\/media\/5092"}],"wp:attachment":[{"href":"https:\/\/eam-scientific.com\/de\/wp-json\/wp\/v2\/media?parent=5081"}],"wp:term":[{"taxonomy":"product_cat","embeddable":true,"href":"https:\/\/eam-scientific.com\/de\/wp-json\/wp\/v2\/product_cat?post=5081"},{"taxonomy":"product_tag","embeddable":true,"href":"https:\/\/eam-scientific.com\/de\/wp-json\/wp\/v2\/product_tag?post=5081"}],"curies":[{"name":"wp","href":"https:\/\/api.w.org\/{rel}","templated":true}]}}