{"id":5099,"date":"2024-06-20T15:03:47","date_gmt":"2024-06-20T13:03:47","guid":{"rendered":"https:\/\/eam-scientific.com\/?post_type=product&#038;p=5099"},"modified":"2024-06-28T10:13:27","modified_gmt":"2024-06-28T08:13:27","slug":"gewindeflasche-n-13-1475x450-mm-40-ml-flacher-boden-braun","status":"publish","type":"product","link":"https:\/\/eam-scientific.com\/de\/produkt\/gewindeflasche-n-13-1475x450-mm-40-ml-flacher-boden-braun\/","title":{"rendered":"Gewindeflasche, N 13, 14,75&#215;45,0 mm, 4,0 mL, flacher Boden, braun"},"content":{"rendered":"<p>Gewindeflaschen N 13 zur Analyse gro\u00dfer Probenvolumina sowie zur Aufbewahrung von fl\u00fcssigen Proben (verwenden Sie diese Flaschen mit geschlossenem Schraubverschluss).&nbsp;Entsprechende Flaschenbeh\u00e4lter und Flaschenst\u00e4nder f\u00fcr einen sicheren Stand auf dem Labortisch sind ebenfalls erh\u00e4ltlich.&nbsp;Konformit\u00e4tszertifikate (CoC = Certificate of Compliance) k\u00f6nnen f\u00fcr jeden Flaschentyp angefordert werden.<\/p>\n","protected":false},"excerpt":{"rendered":"<p>Gewindeflaschen N 13 zur Analyse gro\u00dfer Probenvolumina sowie zur Aufbewahrung von fl\u00fcssigen Proben (verwenden Sie diese Flaschen mit geschlossenem Schraubverschluss).&nbsp;Entsprechende Flaschenbeh\u00e4lter und Flaschenst\u00e4nder f\u00fcr einen sicheren Stand auf dem Labortisch sind ebenfalls erh\u00e4ltlich.&nbsp;Konformit\u00e4tszertifikate (CoC = Certificate of Compliance) k\u00f6nnen f\u00fcr jeden Flaschentyp angefordert werden.<\/p>\n","protected":false},"featured_media":5109,"comment_status":"open","ping_status":"closed","template":"","meta":[],"product_cat":[25,39,38],"product_tag":[],"class_list":{"0":"post-5099","1":"product","2":"type-product","3":"status-publish","4":"has-post-thumbnail","6":"product_cat-chromatographie","7":"product_cat-flaschen","8":"product_cat-flaschen-und-verschluesse","10":"first","11":"instock","12":"shipping-taxable","13":"product-type-simple"},"_links":{"self":[{"href":"https:\/\/eam-scientific.com\/de\/wp-json\/wp\/v2\/product\/5099","targetHints":{"allow":["GET"]}}],"collection":[{"href":"https:\/\/eam-scientific.com\/de\/wp-json\/wp\/v2\/product"}],"about":[{"href":"https:\/\/eam-scientific.com\/de\/wp-json\/wp\/v2\/types\/product"}],"replies":[{"embeddable":true,"href":"https:\/\/eam-scientific.com\/de\/wp-json\/wp\/v2\/comments?post=5099"}],"wp:featuredmedia":[{"embeddable":true,"href":"https:\/\/eam-scientific.com\/de\/wp-json\/wp\/v2\/media\/5109"}],"wp:attachment":[{"href":"https:\/\/eam-scientific.com\/de\/wp-json\/wp\/v2\/media?parent=5099"}],"wp:term":[{"taxonomy":"product_cat","embeddable":true,"href":"https:\/\/eam-scientific.com\/de\/wp-json\/wp\/v2\/product_cat?post=5099"},{"taxonomy":"product_tag","embeddable":true,"href":"https:\/\/eam-scientific.com\/de\/wp-json\/wp\/v2\/product_tag?post=5099"}],"curies":[{"name":"wp","href":"https:\/\/api.w.org\/{rel}","templated":true}]}}