{"id":5100,"date":"2024-06-20T15:03:47","date_gmt":"2024-06-20T13:03:47","guid":{"rendered":"https:\/\/eam-scientific.com\/?post_type=product&#038;p=5100"},"modified":"2024-06-28T10:13:27","modified_gmt":"2024-06-28T08:13:27","slug":"schnappring-rollrandfl-n-11-116x320-mm-15-ml-schriftf-fl-boden-klar","status":"publish","type":"product","link":"https:\/\/eam-scientific.com\/de\/produkt\/schnappring-rollrandfl-n-11-116x320-mm-15-ml-schriftf-fl-boden-klar\/","title":{"rendered":"Schnappring-\/Rollrandfl., N 11, 11,6&#215;32,0 mm, 1,5 mL, Schriftf., fl. Boden, klar"},"content":{"rendered":"<p>Die Schnappring-\/Rollrandflaschen N 11 k\u00f6nnen entweder mit einem Schnappringverschluss N 11 oder einem B\u00f6rdelverschluss N 11 verschlossen werden. In Kombination mit harten oder weichen Schnappringverschl\u00fcssen bieten Schnappringflaschen eine schnelle und bequeme Verschlussmethode, die&nbsp;jedoch nur in der HPLC verwendet werden sollte. Schnappringflaschen sind mit fast allen Autosamplern kompatibel, auch mit solchen mit robotergest\u00fctzter Handhabung.&nbsp;Mit einem Verschluss Ihrer Wahl k\u00f6nnen die Schnappringflaschen N 11 auch als Vial Kit geliefert werden.<\/p>\n","protected":false},"excerpt":{"rendered":"<p>Die Schnappring-\/Rollrandflaschen N 11 k\u00f6nnen entweder mit einem Schnappringverschluss N 11 oder einem B\u00f6rdelverschluss N 11 verschlossen werden. In Kombination mit harten oder weichen Schnappringverschl\u00fcssen bieten Schnappringflaschen eine schnelle und bequeme Verschlussmethode, die&nbsp;jedoch nur in der HPLC verwendet werden sollte. Schnappringflaschen sind mit fast allen Autosamplern kompatibel, auch mit solchen mit robotergest\u00fctzter Handhabung.&nbsp;Mit einem Verschluss [&hellip;]<\/p>\n","protected":false},"featured_media":5110,"comment_status":"open","ping_status":"closed","template":"","meta":[],"product_cat":[25,39,38],"product_tag":[],"class_list":{"0":"post-5100","1":"product","2":"type-product","3":"status-publish","4":"has-post-thumbnail","6":"product_cat-chromatographie","7":"product_cat-flaschen","8":"product_cat-flaschen-und-verschluesse","10":"first","11":"instock","12":"shipping-taxable","13":"product-type-simple"},"_links":{"self":[{"href":"https:\/\/eam-scientific.com\/de\/wp-json\/wp\/v2\/product\/5100","targetHints":{"allow":["GET"]}}],"collection":[{"href":"https:\/\/eam-scientific.com\/de\/wp-json\/wp\/v2\/product"}],"about":[{"href":"https:\/\/eam-scientific.com\/de\/wp-json\/wp\/v2\/types\/product"}],"replies":[{"embeddable":true,"href":"https:\/\/eam-scientific.com\/de\/wp-json\/wp\/v2\/comments?post=5100"}],"wp:featuredmedia":[{"embeddable":true,"href":"https:\/\/eam-scientific.com\/de\/wp-json\/wp\/v2\/media\/5110"}],"wp:attachment":[{"href":"https:\/\/eam-scientific.com\/de\/wp-json\/wp\/v2\/media?parent=5100"}],"wp:term":[{"taxonomy":"product_cat","embeddable":true,"href":"https:\/\/eam-scientific.com\/de\/wp-json\/wp\/v2\/product_cat?post=5100"},{"taxonomy":"product_tag","embeddable":true,"href":"https:\/\/eam-scientific.com\/de\/wp-json\/wp\/v2\/product_tag?post=5100"}],"curies":[{"name":"wp","href":"https:\/\/api.w.org\/{rel}","templated":true}]}}