{"id":5117,"date":"2024-06-20T15:04:04","date_gmt":"2024-06-20T13:04:04","guid":{"rendered":"https:\/\/eam-scientific.com\/?post_type=product&#038;p=5117"},"modified":"2024-06-28T10:13:53","modified_gmt":"2024-06-28T08:13:53","slug":"gewindeflasche-n-18-225x460-mm-100-ml-gerundeter-boden-klar","status":"publish","type":"product","link":"https:\/\/eam-scientific.com\/de\/produkt\/gewindeflasche-n-18-225x460-mm-100-ml-gerundeter-boden-klar\/","title":{"rendered":"Gewindeflasche, N 18, 22,5&#215;46,0 mm, 10,0 mL, gerundeter Boden, braun"},"content":{"rendered":"<p>Headspace Gewindeflaschen N 18.&nbsp;Komfortablerer, einheitlicherer und sicherer Verschlie\u00dfprozess im Vergleich zum B\u00f6rdeln (bessere Reproduzierbarkeit). Kein Risiko von fehlerhaften oder inkonsistenten B\u00f6rdelergebnissen.&nbsp;Aufgrund d\u00fcnnere Septen sowohl f\u00fcr SPME als auch f\u00fcr Headspace geeignet. H\u00e4ufig verwendet auf CTC Combi PAL und baugleichen Autosamplern sowie auf PerkinElmer-Ger\u00e4ten. Bitte beachten Sie, dass diese Gewindeflasche N 18 nicht in Kombination mit dem PP Schraubverschluss 702115 oder mit anderen PP Schraubverschl\u00fcssen mit 18-400-Gewinde verwendet werden kann.<\/p>\n","protected":false},"excerpt":{"rendered":"<p>Headspace Gewindeflaschen N 18.&nbsp;Komfortablerer, einheitlicherer und sicherer Verschlie\u00dfprozess im Vergleich zum B\u00f6rdeln (bessere Reproduzierbarkeit). Kein Risiko von fehlerhaften oder inkonsistenten B\u00f6rdelergebnissen.&nbsp;Aufgrund d\u00fcnnere Septen sowohl f\u00fcr SPME als auch f\u00fcr Headspace geeignet. H\u00e4ufig verwendet auf CTC Combi PAL und baugleichen Autosamplern sowie auf PerkinElmer-Ger\u00e4ten. Bitte beachten Sie, dass diese Gewindeflasche N 18 nicht in Kombination mit [&hellip;]<\/p>\n","protected":false},"featured_media":15705,"comment_status":"open","ping_status":"closed","template":"","meta":[],"product_cat":[25,39,38],"product_tag":[],"class_list":{"0":"post-5117","1":"product","2":"type-product","3":"status-publish","4":"has-post-thumbnail","6":"product_cat-chromatographie","7":"product_cat-flaschen","8":"product_cat-flaschen-und-verschluesse","10":"first","11":"instock","12":"shipping-taxable","13":"product-type-simple"},"_links":{"self":[{"href":"https:\/\/eam-scientific.com\/de\/wp-json\/wp\/v2\/product\/5117","targetHints":{"allow":["GET"]}}],"collection":[{"href":"https:\/\/eam-scientific.com\/de\/wp-json\/wp\/v2\/product"}],"about":[{"href":"https:\/\/eam-scientific.com\/de\/wp-json\/wp\/v2\/types\/product"}],"replies":[{"embeddable":true,"href":"https:\/\/eam-scientific.com\/de\/wp-json\/wp\/v2\/comments?post=5117"}],"wp:featuredmedia":[{"embeddable":true,"href":"https:\/\/eam-scientific.com\/de\/wp-json\/wp\/v2\/media\/15705"}],"wp:attachment":[{"href":"https:\/\/eam-scientific.com\/de\/wp-json\/wp\/v2\/media?parent=5117"}],"wp:term":[{"taxonomy":"product_cat","embeddable":true,"href":"https:\/\/eam-scientific.com\/de\/wp-json\/wp\/v2\/product_cat?post=5117"},{"taxonomy":"product_tag","embeddable":true,"href":"https:\/\/eam-scientific.com\/de\/wp-json\/wp\/v2\/product_tag?post=5117"}],"curies":[{"name":"wp","href":"https:\/\/api.w.org\/{rel}","templated":true}]}}