{"id":5121,"date":"2024-06-20T15:04:04","date_gmt":"2024-06-20T13:04:04","guid":{"rendered":"https:\/\/eam-scientific.com\/?post_type=product&#038;p=5121"},"modified":"2024-06-28T10:13:35","modified_gmt":"2024-06-28T08:13:35","slug":"rollrandflasche-n-11-116x320-mm-15-ml-enge-oeffnung-flacher-boden-braun","status":"publish","type":"product","link":"https:\/\/eam-scientific.com\/de\/produkt\/rollrandflasche-n-11-116x320-mm-15-ml-enge-oeffnung-flacher-boden-braun\/","title":{"rendered":"Rollrandflasche, N 11, 11,6&#215;32,0 mm, 1,5 mL, enge \u00d6ffnung, flacher Boden, braun"},"content":{"rendered":"<p>Standard-Glasflaschen mit enger \u00d6ffnung erfordern einen Mikroeinsatz von 5 mm Durchmesser. Mit einem Verschluss Ihrer Wahl k\u00f6nnen die Rollrandflaschen N 11 auch als vorverschlossene Flaschen-Verschlusskombination geliefert werden. CoCs (Certificate of Compliance) k\u00f6nnen f\u00fcr jeden Flaschentyp angefordert werden.<\/p>\n","protected":false},"excerpt":{"rendered":"<p>Standard-Glasflaschen mit enger \u00d6ffnung erfordern einen Mikroeinsatz von 5 mm Durchmesser. Mit einem Verschluss Ihrer Wahl k\u00f6nnen die Rollrandflaschen N 11 auch als vorverschlossene Flaschen-Verschlusskombination geliefert werden. CoCs (Certificate of Compliance) k\u00f6nnen f\u00fcr jeden Flaschentyp angefordert werden.<\/p>\n","protected":false},"featured_media":5146,"comment_status":"open","ping_status":"closed","template":"","meta":[],"product_cat":[25,39,38],"product_tag":[],"class_list":{"0":"post-5121","1":"product","2":"type-product","3":"status-publish","4":"has-post-thumbnail","6":"product_cat-chromatographie","7":"product_cat-flaschen","8":"product_cat-flaschen-und-verschluesse","10":"first","11":"instock","12":"shipping-taxable","13":"product-type-simple"},"_links":{"self":[{"href":"https:\/\/eam-scientific.com\/de\/wp-json\/wp\/v2\/product\/5121","targetHints":{"allow":["GET"]}}],"collection":[{"href":"https:\/\/eam-scientific.com\/de\/wp-json\/wp\/v2\/product"}],"about":[{"href":"https:\/\/eam-scientific.com\/de\/wp-json\/wp\/v2\/types\/product"}],"replies":[{"embeddable":true,"href":"https:\/\/eam-scientific.com\/de\/wp-json\/wp\/v2\/comments?post=5121"}],"wp:featuredmedia":[{"embeddable":true,"href":"https:\/\/eam-scientific.com\/de\/wp-json\/wp\/v2\/media\/5146"}],"wp:attachment":[{"href":"https:\/\/eam-scientific.com\/de\/wp-json\/wp\/v2\/media?parent=5121"}],"wp:term":[{"taxonomy":"product_cat","embeddable":true,"href":"https:\/\/eam-scientific.com\/de\/wp-json\/wp\/v2\/product_cat?post=5121"},{"taxonomy":"product_tag","embeddable":true,"href":"https:\/\/eam-scientific.com\/de\/wp-json\/wp\/v2\/product_tag?post=5121"}],"curies":[{"name":"wp","href":"https:\/\/api.w.org\/{rel}","templated":true}]}}