{"id":5123,"date":"2024-06-20T15:04:04","date_gmt":"2024-06-20T13:04:04","guid":{"rendered":"https:\/\/eam-scientific.com\/?post_type=product&#038;p=5123"},"modified":"2024-06-28T10:13:35","modified_gmt":"2024-06-28T08:13:35","slug":"gewindeflasche-n-24-27-5x570-mm-200-ml-flacher-boden-klar","status":"publish","type":"product","link":"https:\/\/eam-scientific.com\/de\/produkt\/gewindeflasche-n-24-27-5x570-mm-200-ml-flacher-boden-klar\/","title":{"rendered":"Gewindeflasche, N 24, 27, 5&#215;57,0 mm, 20,0 mL, flacher Boden, klar"},"content":{"rendered":"<p>Gewindeflaschen N 24 (EPA) f\u00fcr VOC \/ TOC Analysen. Mit geschlossenen Schraubverschl\u00fcssen zur Probenaufbewahrung. Am h\u00e4ufigsten verwendet &#8211; 40 mL Klarglas. CoCs (Certificate of Compliance) k\u00f6nnen f\u00fcr jeden Flaschentyp angefordert werden.<\/p>\n","protected":false},"excerpt":{"rendered":"<p>Gewindeflaschen N 24 (EPA) f\u00fcr VOC \/ TOC Analysen. Mit geschlossenen Schraubverschl\u00fcssen zur Probenaufbewahrung. Am h\u00e4ufigsten verwendet &#8211; 40 mL Klarglas. CoCs (Certificate of Compliance) k\u00f6nnen f\u00fcr jeden Flaschentyp angefordert werden.<\/p>\n","protected":false},"featured_media":5148,"comment_status":"open","ping_status":"closed","template":"","meta":[],"product_cat":[25,39,38],"product_tag":[],"class_list":{"0":"post-5123","1":"product","2":"type-product","3":"status-publish","4":"has-post-thumbnail","6":"product_cat-chromatographie","7":"product_cat-flaschen","8":"product_cat-flaschen-und-verschluesse","10":"first","11":"instock","12":"shipping-taxable","13":"product-type-simple"},"_links":{"self":[{"href":"https:\/\/eam-scientific.com\/de\/wp-json\/wp\/v2\/product\/5123","targetHints":{"allow":["GET"]}}],"collection":[{"href":"https:\/\/eam-scientific.com\/de\/wp-json\/wp\/v2\/product"}],"about":[{"href":"https:\/\/eam-scientific.com\/de\/wp-json\/wp\/v2\/types\/product"}],"replies":[{"embeddable":true,"href":"https:\/\/eam-scientific.com\/de\/wp-json\/wp\/v2\/comments?post=5123"}],"wp:featuredmedia":[{"embeddable":true,"href":"https:\/\/eam-scientific.com\/de\/wp-json\/wp\/v2\/media\/5148"}],"wp:attachment":[{"href":"https:\/\/eam-scientific.com\/de\/wp-json\/wp\/v2\/media?parent=5123"}],"wp:term":[{"taxonomy":"product_cat","embeddable":true,"href":"https:\/\/eam-scientific.com\/de\/wp-json\/wp\/v2\/product_cat?post=5123"},{"taxonomy":"product_tag","embeddable":true,"href":"https:\/\/eam-scientific.com\/de\/wp-json\/wp\/v2\/product_tag?post=5123"}],"curies":[{"name":"wp","href":"https:\/\/api.w.org\/{rel}","templated":true}]}}