{"id":5124,"date":"2024-06-20T15:04:04","date_gmt":"2024-06-20T13:04:04","guid":{"rendered":"https:\/\/eam-scientific.com\/?post_type=product&#038;p=5124"},"modified":"2024-06-28T10:13:35","modified_gmt":"2024-06-28T08:13:35","slug":"gewindeflasche-n-9-116x320-mm-15-ml-flacher-boden-pp-tr","status":"publish","type":"product","link":"https:\/\/eam-scientific.com\/de\/produkt\/gewindeflasche-n-9-116x320-mm-15-ml-flacher-boden-pp-tr\/","title":{"rendered":"Gewindeflasche, N 9, 11,6&#215;32,0 mm, 1,5 mL, flacher Boden, PP tr."},"content":{"rendered":"<p>Kunststoffflaschen werden in der IC, zur Schwermetallanalyse, f\u00fcr polare (z.B. Proteine) oder pH-empfindliche Proben und f\u00fcr AAS, CE Applikationen eingesetzt. In Kombination mit dem Verschluss 702402 empfohlen f\u00fcr die PFAS Analytik. Dar\u00fcber hinaus wird die Verwendung von Kunststofffl\u00e4schchen dringend bei der Analyse von Pestizidr\u00fcckst\u00e4nden empfohlen, da einige dieser Verbindungen (z. B. Phosphonat, Nikotin, Paraquat, Diquat, Streptomycin und Glyphosat) dazu neigen, mit Glasoberfl\u00e4chen zu interagieren. Solche Wechselwirkungen mit Glasoberfl\u00e4chen sind typischerweise ausgepr\u00e4gter in L\u00f6sungen, die aus aprotischen L\u00f6sungsmitteln (z. B. Acetonitril) bestehen. Eine Erh\u00f6hung des Wassergehalts und\/oder des S\u00e4uregehalts verringert typischerweise solche Wechselwirkungen. Prozentuale Verluste aufgrund solcher Wechselwirkungen sind typischerweise h\u00f6her bei niedrigen Konzentrationen.<\/p>\n","protected":false},"excerpt":{"rendered":"<p>Kunststoffflaschen werden in der IC, zur Schwermetallanalyse, f\u00fcr polare (z.B. Proteine) oder pH-empfindliche Proben und f\u00fcr AAS, CE Applikationen eingesetzt. In Kombination mit dem Verschluss 702402 empfohlen f\u00fcr die PFAS Analytik. Dar\u00fcber hinaus wird die Verwendung von Kunststofffl\u00e4schchen dringend bei der Analyse von Pestizidr\u00fcckst\u00e4nden empfohlen, da einige dieser Verbindungen (z. B. Phosphonat, Nikotin, Paraquat, Diquat, [&hellip;]<\/p>\n","protected":false},"featured_media":5155,"comment_status":"open","ping_status":"closed","template":"","meta":[],"product_cat":[25,39,38],"product_tag":[],"class_list":{"0":"post-5124","1":"product","2":"type-product","3":"status-publish","4":"has-post-thumbnail","6":"product_cat-chromatographie","7":"product_cat-flaschen","8":"product_cat-flaschen-und-verschluesse","10":"first","11":"instock","12":"shipping-taxable","13":"product-type-simple"},"_links":{"self":[{"href":"https:\/\/eam-scientific.com\/de\/wp-json\/wp\/v2\/product\/5124","targetHints":{"allow":["GET"]}}],"collection":[{"href":"https:\/\/eam-scientific.com\/de\/wp-json\/wp\/v2\/product"}],"about":[{"href":"https:\/\/eam-scientific.com\/de\/wp-json\/wp\/v2\/types\/product"}],"replies":[{"embeddable":true,"href":"https:\/\/eam-scientific.com\/de\/wp-json\/wp\/v2\/comments?post=5124"}],"wp:featuredmedia":[{"embeddable":true,"href":"https:\/\/eam-scientific.com\/de\/wp-json\/wp\/v2\/media\/5155"}],"wp:attachment":[{"href":"https:\/\/eam-scientific.com\/de\/wp-json\/wp\/v2\/media?parent=5124"}],"wp:term":[{"taxonomy":"product_cat","embeddable":true,"href":"https:\/\/eam-scientific.com\/de\/wp-json\/wp\/v2\/product_cat?post=5124"},{"taxonomy":"product_tag","embeddable":true,"href":"https:\/\/eam-scientific.com\/de\/wp-json\/wp\/v2\/product_tag?post=5124"}],"curies":[{"name":"wp","href":"https:\/\/api.w.org\/{rel}","templated":true}]}}