{"id":5130,"date":"2024-06-20T15:04:04","date_gmt":"2024-06-20T13:04:04","guid":{"rendered":"https:\/\/eam-scientific.com\/?post_type=product&#038;p=5130"},"modified":"2024-06-28T10:13:37","modified_gmt":"2024-06-28T08:13:37","slug":"flachbodenglas-n-8-82x400-mm-10-ml-flacher-boden-klar","status":"publish","type":"product","link":"https:\/\/eam-scientific.com\/de\/produkt\/flachbodenglas-n-8-82x400-mm-10-ml-flacher-boden-klar\/","title":{"rendered":"Flachbodenglas, N 8, 8,2&#215;40,0 mm, 1,0 mL, flacher Boden, klar"},"content":{"rendered":"<p>Flachbodengl\u00e4ser und PE-Stopfen sind eine einfach und schnell zu verschlie\u00dfende Kombination aus Flasche und Verschluss. Flachbodengl\u00e4ser haben einen abgeschmolzenen Rand und werden f\u00fcr unkritische HPLC-Analysen verwendet. Nur bei geringen Anforderungen an die Dichtigkeit geeignet, da die Stopfen kein elastomeres Dichtelement aufweisen. Die PE-Stopfen haben ein Diaphragma zur sicheren Penetration der Nadel.<\/p>\n","protected":false},"excerpt":{"rendered":"<p>Flachbodengl\u00e4ser und PE-Stopfen sind eine einfach und schnell zu verschlie\u00dfende Kombination aus Flasche und Verschluss. Flachbodengl\u00e4ser haben einen abgeschmolzenen Rand und werden f\u00fcr unkritische HPLC-Analysen verwendet. Nur bei geringen Anforderungen an die Dichtigkeit geeignet, da die Stopfen kein elastomeres Dichtelement aufweisen. Die PE-Stopfen haben ein Diaphragma zur sicheren Penetration der Nadel.<\/p>\n","protected":false},"featured_media":5161,"comment_status":"open","ping_status":"closed","template":"","meta":[],"product_cat":[25,39,38],"product_tag":[],"class_list":{"0":"post-5130","1":"product","2":"type-product","3":"status-publish","4":"has-post-thumbnail","6":"product_cat-chromatographie","7":"product_cat-flaschen","8":"product_cat-flaschen-und-verschluesse","10":"first","11":"instock","12":"shipping-taxable","13":"product-type-simple"},"_links":{"self":[{"href":"https:\/\/eam-scientific.com\/de\/wp-json\/wp\/v2\/product\/5130","targetHints":{"allow":["GET"]}}],"collection":[{"href":"https:\/\/eam-scientific.com\/de\/wp-json\/wp\/v2\/product"}],"about":[{"href":"https:\/\/eam-scientific.com\/de\/wp-json\/wp\/v2\/types\/product"}],"replies":[{"embeddable":true,"href":"https:\/\/eam-scientific.com\/de\/wp-json\/wp\/v2\/comments?post=5130"}],"wp:featuredmedia":[{"embeddable":true,"href":"https:\/\/eam-scientific.com\/de\/wp-json\/wp\/v2\/media\/5161"}],"wp:attachment":[{"href":"https:\/\/eam-scientific.com\/de\/wp-json\/wp\/v2\/media?parent=5130"}],"wp:term":[{"taxonomy":"product_cat","embeddable":true,"href":"https:\/\/eam-scientific.com\/de\/wp-json\/wp\/v2\/product_cat?post=5130"},{"taxonomy":"product_tag","embeddable":true,"href":"https:\/\/eam-scientific.com\/de\/wp-json\/wp\/v2\/product_tag?post=5130"}],"curies":[{"name":"wp","href":"https:\/\/api.w.org\/{rel}","templated":true}]}}