{"id":5166,"date":"2024-06-20T15:04:47","date_gmt":"2024-06-20T13:04:47","guid":{"rendered":"https:\/\/eam-scientific.com\/?post_type=product&#038;p=5166"},"modified":"2024-06-28T10:14:12","modified_gmt":"2024-06-28T08:14:12","slug":"mikroeinsatz-n-8n-11-50x310-mm-015-ml-konisch-9-mm-spitze-klar","status":"publish","type":"product","link":"https:\/\/eam-scientific.com\/de\/produkt\/mikroeinsatz-n-8n-11-50x310-mm-015-ml-konisch-9-mm-spitze-klar\/","title":{"rendered":"Mikroeinsatz, N 8|N 11, 5,0&#215;31,0 mm, 0,1 mL, konisch, 15 mm Spitze, klar"},"content":{"rendered":"<p>Konischer Mikroeinsatz f\u00fcr Flaschen mit enger \u00d6ffnung, der f\u00fcr die Nadel ideale Bedingungen zur Probenentnahme bietet.<\/p>\n","protected":false},"excerpt":{"rendered":"<p>Konischer Mikroeinsatz f\u00fcr Flaschen mit enger \u00d6ffnung, der f\u00fcr die Nadel ideale Bedingungen zur Probenentnahme bietet.<\/p>\n","protected":false},"featured_media":15714,"comment_status":"open","ping_status":"closed","template":"","meta":[],"product_cat":[25,38,40],"product_tag":[],"class_list":{"0":"post-5166","1":"product","2":"type-product","3":"status-publish","4":"has-post-thumbnail","6":"product_cat-chromatographie","7":"product_cat-flaschen-und-verschluesse","8":"product_cat-mikroeinsaetze","10":"first","11":"instock","12":"shipping-taxable","13":"product-type-simple"},"_links":{"self":[{"href":"https:\/\/eam-scientific.com\/de\/wp-json\/wp\/v2\/product\/5166","targetHints":{"allow":["GET"]}}],"collection":[{"href":"https:\/\/eam-scientific.com\/de\/wp-json\/wp\/v2\/product"}],"about":[{"href":"https:\/\/eam-scientific.com\/de\/wp-json\/wp\/v2\/types\/product"}],"replies":[{"embeddable":true,"href":"https:\/\/eam-scientific.com\/de\/wp-json\/wp\/v2\/comments?post=5166"}],"wp:featuredmedia":[{"embeddable":true,"href":"https:\/\/eam-scientific.com\/de\/wp-json\/wp\/v2\/media\/15714"}],"wp:attachment":[{"href":"https:\/\/eam-scientific.com\/de\/wp-json\/wp\/v2\/media?parent=5166"}],"wp:term":[{"taxonomy":"product_cat","embeddable":true,"href":"https:\/\/eam-scientific.com\/de\/wp-json\/wp\/v2\/product_cat?post=5166"},{"taxonomy":"product_tag","embeddable":true,"href":"https:\/\/eam-scientific.com\/de\/wp-json\/wp\/v2\/product_tag?post=5166"}],"curies":[{"name":"wp","href":"https:\/\/api.w.org\/{rel}","templated":true}]}}