{"id":5170,"date":"2024-06-20T15:04:47","date_gmt":"2024-06-20T13:04:47","guid":{"rendered":"https:\/\/eam-scientific.com\/?post_type=product&#038;p=5170"},"modified":"2024-06-28T10:14:13","modified_gmt":"2024-06-28T08:14:13","slug":"mikroeinsatz-n-9n-10n-11-60x310-mm-03-ml-flacher-boden-klar","status":"publish","type":"product","link":"https:\/\/eam-scientific.com\/de\/produkt\/mikroeinsatz-n-9n-10n-11-60x310-mm-03-ml-flacher-boden-klar\/","title":{"rendered":"Mikroeinsatz, N 9|N 10|N 11, 6,0&#215;31,0 mm, 0,3 mL, flacher Boden, klar"},"content":{"rendered":"<p>Preisg\u00fcnstiger, einfacher Mikroeinsatz f\u00fcr Flaschen mit weiter \u00d6ffnung, der das Volumen aufgrund des kleineren Durchmessers reduziert.<\/p>\n","protected":false},"excerpt":{"rendered":"<p>Preisg\u00fcnstiger, einfacher Mikroeinsatz f\u00fcr Flaschen mit weiter \u00d6ffnung, der das Volumen aufgrund des kleineren Durchmessers reduziert.<\/p>\n","protected":false},"featured_media":5189,"comment_status":"open","ping_status":"closed","template":"","meta":[],"product_cat":[25,38,40],"product_tag":[],"class_list":{"0":"post-5170","1":"product","2":"type-product","3":"status-publish","4":"has-post-thumbnail","6":"product_cat-chromatographie","7":"product_cat-flaschen-und-verschluesse","8":"product_cat-mikroeinsaetze","10":"first","11":"instock","12":"shipping-taxable","13":"product-type-simple"},"_links":{"self":[{"href":"https:\/\/eam-scientific.com\/de\/wp-json\/wp\/v2\/product\/5170","targetHints":{"allow":["GET"]}}],"collection":[{"href":"https:\/\/eam-scientific.com\/de\/wp-json\/wp\/v2\/product"}],"about":[{"href":"https:\/\/eam-scientific.com\/de\/wp-json\/wp\/v2\/types\/product"}],"replies":[{"embeddable":true,"href":"https:\/\/eam-scientific.com\/de\/wp-json\/wp\/v2\/comments?post=5170"}],"wp:featuredmedia":[{"embeddable":true,"href":"https:\/\/eam-scientific.com\/de\/wp-json\/wp\/v2\/media\/5189"}],"wp:attachment":[{"href":"https:\/\/eam-scientific.com\/de\/wp-json\/wp\/v2\/media?parent=5170"}],"wp:term":[{"taxonomy":"product_cat","embeddable":true,"href":"https:\/\/eam-scientific.com\/de\/wp-json\/wp\/v2\/product_cat?post=5170"},{"taxonomy":"product_tag","embeddable":true,"href":"https:\/\/eam-scientific.com\/de\/wp-json\/wp\/v2\/product_tag?post=5170"}],"curies":[{"name":"wp","href":"https:\/\/api.w.org\/{rel}","templated":true}]}}