{"id":5191,"date":"2024-06-20T15:05:08","date_gmt":"2024-06-20T13:05:08","guid":{"rendered":"https:\/\/eam-scientific.com\/?post_type=product&#038;p=5191"},"modified":"2024-06-28T10:14:13","modified_gmt":"2024-06-28T08:14:13","slug":"schraubverschluss-n-9-ppgelblochptfe-rot-silikon-weiss-ptfe-rot10mm","status":"publish","type":"product","link":"https:\/\/eam-scientific.com\/de\/produkt\/schraubverschluss-n-9-ppgelblochptfe-rot-silikon-weiss-ptfe-rot10mm\/","title":{"rendered":"Schraubverschluss, N 9, PP,gelb,Loch,PTFE rot\/Silikon wei\u00df\/PTFE rot,1,0mm"},"content":{"rendered":"<p>Beidseitig PTFE-laminierte Silikon Septen f\u00fcr h\u00f6chste Anspr\u00fcche an analytische Reinheit und geringe Partikelbildung.<\/p>\n","protected":false},"excerpt":{"rendered":"<p>Beidseitig PTFE-laminierte Silikon Septen f\u00fcr h\u00f6chste Anspr\u00fcche an analytische Reinheit und geringe Partikelbildung.<\/p>\n","protected":false},"featured_media":5210,"comment_status":"open","ping_status":"closed","template":"","meta":[],"product_cat":[25,38,42,41],"product_tag":[],"class_list":{"0":"post-5191","1":"product","2":"type-product","3":"status-publish","4":"has-post-thumbnail","6":"product_cat-chromatographie","7":"product_cat-flaschen-und-verschluesse","8":"product_cat-kappen-und-septen","9":"product_cat-verschluesse","11":"first","12":"instock","13":"shipping-taxable","14":"product-type-simple"},"_links":{"self":[{"href":"https:\/\/eam-scientific.com\/de\/wp-json\/wp\/v2\/product\/5191","targetHints":{"allow":["GET"]}}],"collection":[{"href":"https:\/\/eam-scientific.com\/de\/wp-json\/wp\/v2\/product"}],"about":[{"href":"https:\/\/eam-scientific.com\/de\/wp-json\/wp\/v2\/types\/product"}],"replies":[{"embeddable":true,"href":"https:\/\/eam-scientific.com\/de\/wp-json\/wp\/v2\/comments?post=5191"}],"wp:featuredmedia":[{"embeddable":true,"href":"https:\/\/eam-scientific.com\/de\/wp-json\/wp\/v2\/media\/5210"}],"wp:attachment":[{"href":"https:\/\/eam-scientific.com\/de\/wp-json\/wp\/v2\/media?parent=5191"}],"wp:term":[{"taxonomy":"product_cat","embeddable":true,"href":"https:\/\/eam-scientific.com\/de\/wp-json\/wp\/v2\/product_cat?post=5191"},{"taxonomy":"product_tag","embeddable":true,"href":"https:\/\/eam-scientific.com\/de\/wp-json\/wp\/v2\/product_tag?post=5191"}],"curies":[{"name":"wp","href":"https:\/\/api.w.org\/{rel}","templated":true}]}}