{"id":5228,"date":"2024-06-20T15:05:28","date_gmt":"2024-06-20T13:05:28","guid":{"rendered":"https:\/\/eam-scientific.com\/?post_type=product&#038;p=5228"},"modified":"2024-06-28T10:14:21","modified_gmt":"2024-06-28T08:14:21","slug":"bimetallverschl-n-20-blau-silber-loch-sil-blau-tr-ptfe-pharma-fix3mm","status":"publish","type":"product","link":"https:\/\/eam-scientific.com\/de\/produkt\/bimetallverschl-n-20-blau-silber-loch-sil-blau-tr-ptfe-pharma-fix3mm\/","title":{"rendered":"Bimetallverschl. N 20, blau\/silber, Loch, Sil. blau tr.\/PTFE (Pharma-Fix),3mm"},"content":{"rendered":"<p>Bimetall B\u00f6rdelverschl\u00fcsse erlauben den Transport der Flasche mittels Magneten, wie z.B. im CTC Combi PAL, im Shimadzu AOC 5000\/6000 oder im Gerstel Autosampler. Sie sind in der Regel schwieriger zu ver-\/entb\u00f6rdeln, so dass die Headspace Gewindeflaschen N 18 eine bequemere Alternative sein k\u00f6nnen. Wir empfehlen Silikon\/PTFE-Septa als optimale Wahl im Headspace Bereich, da sie eine Temperaturstabilit\u00e4t von -60 \u00b0C bis 200 \u00b0C, h\u00f6chste analytische Reinheit und hervorragende Penetrationseigenschaften bieten. Diese Verschl\u00fcsse mit einer hochreinen Silikon\/PTFE Formscheibe sind nur im Kontaktbereich mit der Probe mit PTFE laminiert. Auf diese Weise kann das elastomere Silikon auf den Glasr\u00e4ndern der Flasche eine besonders gute Abdichtung erzielen, w\u00e4hrend vollst\u00e4ndig PTFE-laminierte Septen eine sehr rutschige Oberfl\u00e4che auf dem Glas haben und somit leicht gedreht werden k\u00f6nnen. Die Septen sind montiert, die Kappen gebrauchsfertig. Die Septen werden zu Illustrationszwecken mit der Unterseite nach oben abgebildet.<\/p>\n","protected":false},"excerpt":{"rendered":"<p>Bimetall B\u00f6rdelverschl\u00fcsse erlauben den Transport der Flasche mittels Magneten, wie z.B. im CTC Combi PAL, im Shimadzu AOC 5000\/6000 oder im Gerstel Autosampler. Sie sind in der Regel schwieriger zu ver-\/entb\u00f6rdeln, so dass die Headspace Gewindeflaschen N 18 eine bequemere Alternative sein k\u00f6nnen. Wir empfehlen Silikon\/PTFE-Septa als optimale Wahl im Headspace Bereich, da sie eine [&hellip;]<\/p>\n","protected":false},"featured_media":5245,"comment_status":"open","ping_status":"closed","template":"","meta":[],"product_cat":[25,38,42,41],"product_tag":[],"class_list":{"0":"post-5228","1":"product","2":"type-product","3":"status-publish","4":"has-post-thumbnail","6":"product_cat-chromatographie","7":"product_cat-flaschen-und-verschluesse","8":"product_cat-kappen-und-septen","9":"product_cat-verschluesse","11":"first","12":"instock","13":"shipping-taxable","14":"product-type-simple"},"_links":{"self":[{"href":"https:\/\/eam-scientific.com\/de\/wp-json\/wp\/v2\/product\/5228","targetHints":{"allow":["GET"]}}],"collection":[{"href":"https:\/\/eam-scientific.com\/de\/wp-json\/wp\/v2\/product"}],"about":[{"href":"https:\/\/eam-scientific.com\/de\/wp-json\/wp\/v2\/types\/product"}],"replies":[{"embeddable":true,"href":"https:\/\/eam-scientific.com\/de\/wp-json\/wp\/v2\/comments?post=5228"}],"wp:featuredmedia":[{"embeddable":true,"href":"https:\/\/eam-scientific.com\/de\/wp-json\/wp\/v2\/media\/5245"}],"wp:attachment":[{"href":"https:\/\/eam-scientific.com\/de\/wp-json\/wp\/v2\/media?parent=5228"}],"wp:term":[{"taxonomy":"product_cat","embeddable":true,"href":"https:\/\/eam-scientific.com\/de\/wp-json\/wp\/v2\/product_cat?post=5228"},{"taxonomy":"product_tag","embeddable":true,"href":"https:\/\/eam-scientific.com\/de\/wp-json\/wp\/v2\/product_tag?post=5228"}],"curies":[{"name":"wp","href":"https:\/\/api.w.org\/{rel}","templated":true}]}}