{"id":5237,"date":"2024-06-20T15:05:28","date_gmt":"2024-06-20T13:05:28","guid":{"rendered":"https:\/\/eam-scientific.com\/?post_type=product&#038;p=5237"},"modified":"2024-06-28T10:14:22","modified_gmt":"2024-06-28T08:14:22","slug":"septa-n-20-silikon-ptfe-blau-transparent-farblos-3-0-mm-40-shore-a","status":"publish","type":"product","link":"https:\/\/eam-scientific.com\/de\/produkt\/septa-n-20-silikon-ptfe-blau-transparent-farblos-3-0-mm-40-shore-a\/","title":{"rendered":"Septa N 20, Silikon\/PTFE, Blau transparent\/farblos, 3.0 mm, 40\u00b0 shore A"},"content":{"rendered":"<p>Ersatzsepten werden nicht f\u00fcr alle Verschlusstypen und -gr\u00f6\u00dfen angeboten, da eine manuelle Montage aufgrund des Kontaminationsrisikos und&nbsp;einer m\u00f6glichen falschen Seitenorientierung nicht empfehlenswert ist. F\u00fcr die g\u00e4ngigsten Gr\u00f6\u00dfen und Septenmaterialien bieten wir diese jedoch zusammen mit den entsprechenden Leerkappen an. Silikon\/PTFE Septen besitzen eine hohe analytische Reinheit, gute Penetrationseigenschaften sowie eine Temperaturbest\u00e4ndigkeit von -60 \u00b0C bis zu 200 \u00b0C.<\/p>\n","protected":false},"excerpt":{"rendered":"<p>Ersatzsepten werden nicht f\u00fcr alle Verschlusstypen und -gr\u00f6\u00dfen angeboten, da eine manuelle Montage aufgrund des Kontaminationsrisikos und&nbsp;einer m\u00f6glichen falschen Seitenorientierung nicht empfehlenswert ist. F\u00fcr die g\u00e4ngigsten Gr\u00f6\u00dfen und Septenmaterialien bieten wir diese jedoch zusammen mit den entsprechenden Leerkappen an. Silikon\/PTFE Septen besitzen eine hohe analytische Reinheit, gute Penetrationseigenschaften sowie eine Temperaturbest\u00e4ndigkeit von -60 \u00b0C bis [&hellip;]<\/p>\n","protected":false},"featured_media":5254,"comment_status":"open","ping_status":"closed","template":"","meta":[],"product_cat":[25,38,42,41],"product_tag":[],"class_list":{"0":"post-5237","1":"product","2":"type-product","3":"status-publish","4":"has-post-thumbnail","6":"product_cat-chromatographie","7":"product_cat-flaschen-und-verschluesse","8":"product_cat-kappen-und-septen","9":"product_cat-verschluesse","11":"first","12":"instock","13":"shipping-taxable","14":"product-type-simple"},"_links":{"self":[{"href":"https:\/\/eam-scientific.com\/de\/wp-json\/wp\/v2\/product\/5237","targetHints":{"allow":["GET"]}}],"collection":[{"href":"https:\/\/eam-scientific.com\/de\/wp-json\/wp\/v2\/product"}],"about":[{"href":"https:\/\/eam-scientific.com\/de\/wp-json\/wp\/v2\/types\/product"}],"replies":[{"embeddable":true,"href":"https:\/\/eam-scientific.com\/de\/wp-json\/wp\/v2\/comments?post=5237"}],"wp:featuredmedia":[{"embeddable":true,"href":"https:\/\/eam-scientific.com\/de\/wp-json\/wp\/v2\/media\/5254"}],"wp:attachment":[{"href":"https:\/\/eam-scientific.com\/de\/wp-json\/wp\/v2\/media?parent=5237"}],"wp:term":[{"taxonomy":"product_cat","embeddable":true,"href":"https:\/\/eam-scientific.com\/de\/wp-json\/wp\/v2\/product_cat?post=5237"},{"taxonomy":"product_tag","embeddable":true,"href":"https:\/\/eam-scientific.com\/de\/wp-json\/wp\/v2\/product_tag?post=5237"}],"curies":[{"name":"wp","href":"https:\/\/api.w.org\/{rel}","templated":true}]}}