{"id":5240,"date":"2024-06-20T15:05:28","date_gmt":"2024-06-20T13:05:28","guid":{"rendered":"https:\/\/eam-scientific.com\/?post_type=product&#038;p=5240"},"modified":"2024-06-28T10:14:22","modified_gmt":"2024-06-28T08:14:22","slug":"boerdelverschluss-n-20-alu-ganzabriss-silikon-weiss-ptfe-beige-30-mm","status":"publish","type":"product","link":"https:\/\/eam-scientific.com\/de\/produkt\/boerdelverschluss-n-20-alu-ganzabriss-silikon-weiss-ptfe-beige-30-mm\/","title":{"rendered":"B\u00f6rdelverschluss, N 20, alu., Ganzabriss, Silikon wei\u00df\/PTFE beige, 3,0 mm"},"content":{"rendered":"<p>Ganzabrisskappen sind B\u00f6rdelkappen, die man ohne Zuhilfenahme einer \u00d6ffnungszange durch Aufrei\u00dfen der Kappe von der Mitte bis \u00fcber die Kappenw\u00e4nde entfernen kann. Bei diesem Produkt handelt es sich um Verschl\u00fcsse mit einer Silikon\/PTFE Stanzscheibe, welche sich durch hohe analytische Reinheit auszeichnet.&nbsp;<\/p>\n","protected":false},"excerpt":{"rendered":"<p>Ganzabrisskappen sind B\u00f6rdelkappen, die man ohne Zuhilfenahme einer \u00d6ffnungszange durch Aufrei\u00dfen der Kappe von der Mitte bis \u00fcber die Kappenw\u00e4nde entfernen kann. Bei diesem Produkt handelt es sich um Verschl\u00fcsse mit einer Silikon\/PTFE Stanzscheibe, welche sich durch hohe analytische Reinheit auszeichnet.&nbsp;<\/p>\n","protected":false},"featured_media":5257,"comment_status":"open","ping_status":"closed","template":"","meta":[],"product_cat":[25,38,42,41],"product_tag":[],"class_list":{"0":"post-5240","1":"product","2":"type-product","3":"status-publish","4":"has-post-thumbnail","6":"product_cat-chromatographie","7":"product_cat-flaschen-und-verschluesse","8":"product_cat-kappen-und-septen","9":"product_cat-verschluesse","11":"first","12":"instock","13":"shipping-taxable","14":"product-type-simple"},"_links":{"self":[{"href":"https:\/\/eam-scientific.com\/de\/wp-json\/wp\/v2\/product\/5240","targetHints":{"allow":["GET"]}}],"collection":[{"href":"https:\/\/eam-scientific.com\/de\/wp-json\/wp\/v2\/product"}],"about":[{"href":"https:\/\/eam-scientific.com\/de\/wp-json\/wp\/v2\/types\/product"}],"replies":[{"embeddable":true,"href":"https:\/\/eam-scientific.com\/de\/wp-json\/wp\/v2\/comments?post=5240"}],"wp:featuredmedia":[{"embeddable":true,"href":"https:\/\/eam-scientific.com\/de\/wp-json\/wp\/v2\/media\/5257"}],"wp:attachment":[{"href":"https:\/\/eam-scientific.com\/de\/wp-json\/wp\/v2\/media?parent=5240"}],"wp:term":[{"taxonomy":"product_cat","embeddable":true,"href":"https:\/\/eam-scientific.com\/de\/wp-json\/wp\/v2\/product_cat?post=5240"},{"taxonomy":"product_tag","embeddable":true,"href":"https:\/\/eam-scientific.com\/de\/wp-json\/wp\/v2\/product_tag?post=5240"}],"curies":[{"name":"wp","href":"https:\/\/api.w.org\/{rel}","templated":true}]}}