{"id":5261,"date":"2024-06-20T15:05:46","date_gmt":"2024-06-20T13:05:46","guid":{"rendered":"https:\/\/eam-scientific.com\/?post_type=product&#038;p=5261"},"modified":"2024-06-28T10:14:22","modified_gmt":"2024-06-28T08:14:22","slug":"boerdelverschluss-n-11-magnetisch-silber-loch-silikon-weiss-ptfe-rot-13mm","status":"publish","type":"product","link":"https:\/\/eam-scientific.com\/de\/produkt\/boerdelverschluss-n-11-magnetisch-silber-loch-silikon-weiss-ptfe-rot-13mm\/","title":{"rendered":"B\u00f6rdelverschluss, N 11, magnetisch, silber, Loch, Silikon wei\u00df\/PTFE rot, 1,3mm"},"content":{"rendered":"<p>Magnetischer B\u00f6rdelverschluss mit hochreinem Silikon\/PTFE Septum f\u00fcr Autosampler, die die Probenflaschen mittels Magneten transportieren, wie der CTC Combi PAL und baugleiche Ger\u00e4te. Da diese Verschl\u00fcsse schwerer zu verb\u00f6rdeln sind als Aluminium B\u00f6rdelkappen, wird auch gerne auf magnetische Schraubverschl\u00fcsse N 9 zur\u00fcckgegriffen.<\/p>\n","protected":false},"excerpt":{"rendered":"<p>Magnetischer B\u00f6rdelverschluss mit hochreinem Silikon\/PTFE Septum f\u00fcr Autosampler, die die Probenflaschen mittels Magneten transportieren, wie der CTC Combi PAL und baugleiche Ger\u00e4te. Da diese Verschl\u00fcsse schwerer zu verb\u00f6rdeln sind als Aluminium B\u00f6rdelkappen, wird auch gerne auf magnetische Schraubverschl\u00fcsse N 9 zur\u00fcckgegriffen.<\/p>\n","protected":false},"featured_media":5290,"comment_status":"open","ping_status":"closed","template":"","meta":[],"product_cat":[25,38,42,41],"product_tag":[],"class_list":{"0":"post-5261","1":"product","2":"type-product","3":"status-publish","4":"has-post-thumbnail","6":"product_cat-chromatographie","7":"product_cat-flaschen-und-verschluesse","8":"product_cat-kappen-und-septen","9":"product_cat-verschluesse","11":"first","12":"instock","13":"shipping-taxable","14":"product-type-simple"},"_links":{"self":[{"href":"https:\/\/eam-scientific.com\/de\/wp-json\/wp\/v2\/product\/5261","targetHints":{"allow":["GET"]}}],"collection":[{"href":"https:\/\/eam-scientific.com\/de\/wp-json\/wp\/v2\/product"}],"about":[{"href":"https:\/\/eam-scientific.com\/de\/wp-json\/wp\/v2\/types\/product"}],"replies":[{"embeddable":true,"href":"https:\/\/eam-scientific.com\/de\/wp-json\/wp\/v2\/comments?post=5261"}],"wp:featuredmedia":[{"embeddable":true,"href":"https:\/\/eam-scientific.com\/de\/wp-json\/wp\/v2\/media\/5290"}],"wp:attachment":[{"href":"https:\/\/eam-scientific.com\/de\/wp-json\/wp\/v2\/media?parent=5261"}],"wp:term":[{"taxonomy":"product_cat","embeddable":true,"href":"https:\/\/eam-scientific.com\/de\/wp-json\/wp\/v2\/product_cat?post=5261"},{"taxonomy":"product_tag","embeddable":true,"href":"https:\/\/eam-scientific.com\/de\/wp-json\/wp\/v2\/product_tag?post=5261"}],"curies":[{"name":"wp","href":"https:\/\/api.w.org\/{rel}","templated":true}]}}