{"id":5267,"date":"2024-06-20T15:05:46","date_gmt":"2024-06-20T13:05:46","guid":{"rendered":"https:\/\/eam-scientific.com\/?post_type=product&#038;p=5267"},"modified":"2024-06-28T10:14:22","modified_gmt":"2024-06-28T08:14:22","slug":"schraubverschluss-n-8-pp-schwarz-geschlossen-red-rubber-fep-farblos-13-mm","status":"publish","type":"product","link":"https:\/\/eam-scientific.com\/de\/produkt\/schraubverschluss-n-8-pp-schwarz-geschlossen-red-rubber-fep-farblos-13-mm\/","title":{"rendered":"Schraubverschluss, N 8, PP, schwarz, geschlossen, Red Rubber\/FEP farblos, 1,3 mm"},"content":{"rendered":"<p>Diese Schraubverschl\u00fcsse N 8 eignen sich zum Verschlie\u00dfen von 8-425er Gewindeflaschen mit enger (Standard) \u00d6ffnung. F\u00fcr die GC-Analyse k\u00f6nnen Verschl\u00fcsse mit Red Rubber\/FEP ein geeignete Wahl sein.<\/p>\n","protected":false},"excerpt":{"rendered":"<p>Diese Schraubverschl\u00fcsse N 8 eignen sich zum Verschlie\u00dfen von 8-425er Gewindeflaschen mit enger (Standard) \u00d6ffnung. F\u00fcr die GC-Analyse k\u00f6nnen Verschl\u00fcsse mit Red Rubber\/FEP ein geeignete Wahl sein.<\/p>\n","protected":false},"featured_media":5296,"comment_status":"open","ping_status":"closed","template":"","meta":[],"product_cat":[25,38,42,41],"product_tag":[],"class_list":{"0":"post-5267","1":"product","2":"type-product","3":"status-publish","4":"has-post-thumbnail","6":"product_cat-chromatographie","7":"product_cat-flaschen-und-verschluesse","8":"product_cat-kappen-und-septen","9":"product_cat-verschluesse","11":"first","12":"instock","13":"shipping-taxable","14":"product-type-simple"},"_links":{"self":[{"href":"https:\/\/eam-scientific.com\/de\/wp-json\/wp\/v2\/product\/5267","targetHints":{"allow":["GET"]}}],"collection":[{"href":"https:\/\/eam-scientific.com\/de\/wp-json\/wp\/v2\/product"}],"about":[{"href":"https:\/\/eam-scientific.com\/de\/wp-json\/wp\/v2\/types\/product"}],"replies":[{"embeddable":true,"href":"https:\/\/eam-scientific.com\/de\/wp-json\/wp\/v2\/comments?post=5267"}],"wp:featuredmedia":[{"embeddable":true,"href":"https:\/\/eam-scientific.com\/de\/wp-json\/wp\/v2\/media\/5296"}],"wp:attachment":[{"href":"https:\/\/eam-scientific.com\/de\/wp-json\/wp\/v2\/media?parent=5267"}],"wp:term":[{"taxonomy":"product_cat","embeddable":true,"href":"https:\/\/eam-scientific.com\/de\/wp-json\/wp\/v2\/product_cat?post=5267"},{"taxonomy":"product_tag","embeddable":true,"href":"https:\/\/eam-scientific.com\/de\/wp-json\/wp\/v2\/product_tag?post=5267"}],"curies":[{"name":"wp","href":"https:\/\/api.w.org\/{rel}","templated":true}]}}