{"id":5269,"date":"2024-06-20T15:05:47","date_gmt":"2024-06-20T13:05:47","guid":{"rendered":"https:\/\/eam-scientific.com\/?post_type=product&#038;p=5269"},"modified":"2024-06-28T10:14:26","modified_gmt":"2024-06-28T08:14:26","slug":"boerdelverschluss-n-13-alu-loch-butyl-dunkelgrau-ptfe-grau-20-mm","status":"publish","type":"product","link":"https:\/\/eam-scientific.com\/de\/produkt\/boerdelverschluss-n-13-alu-loch-butyl-dunkelgrau-ptfe-grau-20-mm\/","title":{"rendered":"B\u00f6rdelverschluss, N 13, alu., Loch, Butyl dunkelgrau\/PTFE grau, 2,0 mm"},"content":{"rendered":"<p>13 mm B\u00f6rdelverschl\u00fcsse sind mit Lochkappen oder als originalit\u00e4tsgesicherte Verschl\u00fcsse mit Mittelabriss erh\u00e4ltlich.<\/p>\n","protected":false},"excerpt":{"rendered":"<p>13 mm B\u00f6rdelverschl\u00fcsse sind mit Lochkappen oder als originalit\u00e4tsgesicherte Verschl\u00fcsse mit Mittelabriss erh\u00e4ltlich.<\/p>\n","protected":false},"featured_media":5298,"comment_status":"open","ping_status":"closed","template":"","meta":[],"product_cat":[25,38,42,41],"product_tag":[],"class_list":{"0":"post-5269","1":"product","2":"type-product","3":"status-publish","4":"has-post-thumbnail","6":"product_cat-chromatographie","7":"product_cat-flaschen-und-verschluesse","8":"product_cat-kappen-und-septen","9":"product_cat-verschluesse","11":"first","12":"instock","13":"shipping-taxable","14":"product-type-simple"},"_links":{"self":[{"href":"https:\/\/eam-scientific.com\/de\/wp-json\/wp\/v2\/product\/5269","targetHints":{"allow":["GET"]}}],"collection":[{"href":"https:\/\/eam-scientific.com\/de\/wp-json\/wp\/v2\/product"}],"about":[{"href":"https:\/\/eam-scientific.com\/de\/wp-json\/wp\/v2\/types\/product"}],"replies":[{"embeddable":true,"href":"https:\/\/eam-scientific.com\/de\/wp-json\/wp\/v2\/comments?post=5269"}],"wp:featuredmedia":[{"embeddable":true,"href":"https:\/\/eam-scientific.com\/de\/wp-json\/wp\/v2\/media\/5298"}],"wp:attachment":[{"href":"https:\/\/eam-scientific.com\/de\/wp-json\/wp\/v2\/media?parent=5269"}],"wp:term":[{"taxonomy":"product_cat","embeddable":true,"href":"https:\/\/eam-scientific.com\/de\/wp-json\/wp\/v2\/product_cat?post=5269"},{"taxonomy":"product_tag","embeddable":true,"href":"https:\/\/eam-scientific.com\/de\/wp-json\/wp\/v2\/product_tag?post=5269"}],"curies":[{"name":"wp","href":"https:\/\/api.w.org\/{rel}","templated":true}]}}