{"id":5271,"date":"2024-06-20T15:05:47","date_gmt":"2024-06-20T13:05:47","guid":{"rendered":"https:\/\/eam-scientific.com\/?post_type=product&#038;p=5271"},"modified":"2024-06-28T10:14:27","modified_gmt":"2024-06-28T08:14:27","slug":"septa-n-19-butyl-ptfe-beige-grau-1-3-mm-55-shore-a","status":"publish","type":"product","link":"https:\/\/eam-scientific.com\/de\/produkt\/septa-n-19-butyl-ptfe-beige-grau-1-3-mm-55-shore-a\/","title":{"rendered":"Septa N 19, Butyl\/PTFE, Beige\/grau, 1.3 mm, 55\u00b0 shore A"},"content":{"rendered":"<p>N 19 Septen zur ausschlie\u00dflichen Verwendung in PE Kappen N 20 (nicht geeignet f\u00fcr Aluminium B\u00f6rdelkappen N 20).<\/p>\n","protected":false},"excerpt":{"rendered":"<p>N 19 Septen zur ausschlie\u00dflichen Verwendung in PE Kappen N 20 (nicht geeignet f\u00fcr Aluminium B\u00f6rdelkappen N 20).<\/p>\n","protected":false},"featured_media":5300,"comment_status":"open","ping_status":"closed","template":"","meta":[],"product_cat":[25,38,42,41],"product_tag":[],"class_list":{"0":"post-5271","1":"product","2":"type-product","3":"status-publish","4":"has-post-thumbnail","6":"product_cat-chromatographie","7":"product_cat-flaschen-und-verschluesse","8":"product_cat-kappen-und-septen","9":"product_cat-verschluesse","11":"first","12":"instock","13":"shipping-taxable","14":"product-type-simple"},"_links":{"self":[{"href":"https:\/\/eam-scientific.com\/de\/wp-json\/wp\/v2\/product\/5271","targetHints":{"allow":["GET"]}}],"collection":[{"href":"https:\/\/eam-scientific.com\/de\/wp-json\/wp\/v2\/product"}],"about":[{"href":"https:\/\/eam-scientific.com\/de\/wp-json\/wp\/v2\/types\/product"}],"replies":[{"embeddable":true,"href":"https:\/\/eam-scientific.com\/de\/wp-json\/wp\/v2\/comments?post=5271"}],"wp:featuredmedia":[{"embeddable":true,"href":"https:\/\/eam-scientific.com\/de\/wp-json\/wp\/v2\/media\/5300"}],"wp:attachment":[{"href":"https:\/\/eam-scientific.com\/de\/wp-json\/wp\/v2\/media?parent=5271"}],"wp:term":[{"taxonomy":"product_cat","embeddable":true,"href":"https:\/\/eam-scientific.com\/de\/wp-json\/wp\/v2\/product_cat?post=5271"},{"taxonomy":"product_tag","embeddable":true,"href":"https:\/\/eam-scientific.com\/de\/wp-json\/wp\/v2\/product_tag?post=5271"}],"curies":[{"name":"wp","href":"https:\/\/api.w.org\/{rel}","templated":true}]}}