{"id":5272,"date":"2024-06-20T15:05:47","date_gmt":"2024-06-20T13:05:47","guid":{"rendered":"https:\/\/eam-scientific.com\/?post_type=product&#038;p=5272"},"modified":"2024-06-28T10:15:03","modified_gmt":"2024-06-28T08:15:03","slug":"boerdelverschluss-n-11-alu-blau-lochptfe-rot-silikon-w-ptfe-rot10mm","status":"publish","type":"product","link":"https:\/\/eam-scientific.com\/de\/produkt\/boerdelverschluss-n-11-alu-blau-lochptfe-rot-silikon-w-ptfe-rot10mm\/","title":{"rendered":"B\u00f6rdelverschluss, N 11, alu., Loch, PTFE rot\/Silikon wei\u00df\/PTFE rot, 1,0 mm"},"content":{"rendered":"<p>Beidseitg PTFE-beschichte Silikon-Septen, auch als Sandwich-Septen bezeichnet, werden bei hochsensiblen Analysen und im Bereich Forschung und Entwicklung eingesetzt, da nachgewiesenerma\u00dfen hier die Partikelbildung w\u00e4hrend der Penetration am geringsten ist. Aufgrund der hohen Temperaturbest\u00e4ndigkeit wird das Material gerne in der GC eingesetzt.<\/p>\n","protected":false},"excerpt":{"rendered":"<p>Beidseitg PTFE-beschichte Silikon-Septen, auch als Sandwich-Septen bezeichnet, werden bei hochsensiblen Analysen und im Bereich Forschung und Entwicklung eingesetzt, da nachgewiesenerma\u00dfen hier die Partikelbildung w\u00e4hrend der Penetration am geringsten ist. Aufgrund der hohen Temperaturbest\u00e4ndigkeit wird das Material gerne in der GC eingesetzt.<\/p>\n","protected":false},"featured_media":15753,"comment_status":"open","ping_status":"closed","template":"","meta":[],"product_cat":[25,38,42,41],"product_tag":[],"class_list":{"0":"post-5272","1":"product","2":"type-product","3":"status-publish","4":"has-post-thumbnail","6":"product_cat-chromatographie","7":"product_cat-flaschen-und-verschluesse","8":"product_cat-kappen-und-septen","9":"product_cat-verschluesse","11":"first","12":"instock","13":"shipping-taxable","14":"product-type-simple"},"_links":{"self":[{"href":"https:\/\/eam-scientific.com\/de\/wp-json\/wp\/v2\/product\/5272","targetHints":{"allow":["GET"]}}],"collection":[{"href":"https:\/\/eam-scientific.com\/de\/wp-json\/wp\/v2\/product"}],"about":[{"href":"https:\/\/eam-scientific.com\/de\/wp-json\/wp\/v2\/types\/product"}],"replies":[{"embeddable":true,"href":"https:\/\/eam-scientific.com\/de\/wp-json\/wp\/v2\/comments?post=5272"}],"wp:featuredmedia":[{"embeddable":true,"href":"https:\/\/eam-scientific.com\/de\/wp-json\/wp\/v2\/media\/15753"}],"wp:attachment":[{"href":"https:\/\/eam-scientific.com\/de\/wp-json\/wp\/v2\/media?parent=5272"}],"wp:term":[{"taxonomy":"product_cat","embeddable":true,"href":"https:\/\/eam-scientific.com\/de\/wp-json\/wp\/v2\/product_cat?post=5272"},{"taxonomy":"product_tag","embeddable":true,"href":"https:\/\/eam-scientific.com\/de\/wp-json\/wp\/v2\/product_tag?post=5272"}],"curies":[{"name":"wp","href":"https:\/\/api.w.org\/{rel}","templated":true}]}}