{"id":5276,"date":"2024-06-20T15:05:47","date_gmt":"2024-06-20T13:05:47","guid":{"rendered":"https:\/\/eam-scientific.com\/?post_type=product&#038;p=5276"},"modified":"2024-06-28T10:15:08","modified_gmt":"2024-06-28T08:15:08","slug":"stopfen-n-20-brombutyl-rot-45-shore-a","status":"publish","type":"product","link":"https:\/\/eam-scientific.com\/de\/produkt\/stopfen-n-20-brombutyl-rot-45-shore-a\/","title":{"rendered":"Stopfen N 20, Brombutyl, Grau, 50\u00b0 shore A"},"content":{"rendered":"<p>Wird h\u00e4ufig f\u00fcr Blutalkoholtests eingesetzt. Aufgrund der fehlenden PTFE-Laminierung nur eingeschr\u00e4nktes Einsatzgebiet in der Headspace Analytik<\/p>\n","protected":false},"excerpt":{"rendered":"<p>Wird h\u00e4ufig f\u00fcr Blutalkoholtests eingesetzt. Aufgrund der fehlenden PTFE-Laminierung nur eingeschr\u00e4nktes Einsatzgebiet in der Headspace Analytik<\/p>\n","protected":false},"featured_media":15759,"comment_status":"open","ping_status":"closed","template":"","meta":[],"product_cat":[25,38,42,41],"product_tag":[],"class_list":{"0":"post-5276","1":"product","2":"type-product","3":"status-publish","4":"has-post-thumbnail","6":"product_cat-chromatographie","7":"product_cat-flaschen-und-verschluesse","8":"product_cat-kappen-und-septen","9":"product_cat-verschluesse","11":"first","12":"instock","13":"shipping-taxable","14":"product-type-simple"},"_links":{"self":[{"href":"https:\/\/eam-scientific.com\/de\/wp-json\/wp\/v2\/product\/5276","targetHints":{"allow":["GET"]}}],"collection":[{"href":"https:\/\/eam-scientific.com\/de\/wp-json\/wp\/v2\/product"}],"about":[{"href":"https:\/\/eam-scientific.com\/de\/wp-json\/wp\/v2\/types\/product"}],"replies":[{"embeddable":true,"href":"https:\/\/eam-scientific.com\/de\/wp-json\/wp\/v2\/comments?post=5276"}],"wp:featuredmedia":[{"embeddable":true,"href":"https:\/\/eam-scientific.com\/de\/wp-json\/wp\/v2\/media\/15759"}],"wp:attachment":[{"href":"https:\/\/eam-scientific.com\/de\/wp-json\/wp\/v2\/media?parent=5276"}],"wp:term":[{"taxonomy":"product_cat","embeddable":true,"href":"https:\/\/eam-scientific.com\/de\/wp-json\/wp\/v2\/product_cat?post=5276"},{"taxonomy":"product_tag","embeddable":true,"href":"https:\/\/eam-scientific.com\/de\/wp-json\/wp\/v2\/product_tag?post=5276"}],"curies":[{"name":"wp","href":"https:\/\/api.w.org\/{rel}","templated":true}]}}