{"id":5279,"date":"2024-06-20T15:05:47","date_gmt":"2024-06-20T13:05:47","guid":{"rendered":"https:\/\/eam-scientific.com\/?post_type=product&#038;p=5279"},"modified":"2024-06-28T10:14:27","modified_gmt":"2024-06-28T08:14:27","slug":"schraubverschluss-n-8-pp-schwarz-geschlossen-ohne-septum","status":"publish","type":"product","link":"https:\/\/eam-scientific.com\/de\/produkt\/schraubverschluss-n-8-pp-schwarz-geschlossen-ohne-septum\/","title":{"rendered":"Schraubverschluss, N 8, PP, schwarz, geschlossen, ohne Septum"},"content":{"rendered":"<p>Diese Schraubkappen N 8 eignen sich zum Verschlie\u00dfen von 8-425er Gewindeflaschen mit enger (Standard) \u00d6ffnung. Das Produkt hat keine Dichtscheibe. Diese muss zum dichten Verschlie\u00dfen entweder separat oder ein bereits fertig montierter Verschluss mit Septum gekauft werden. Geschlossene Versionen werden f\u00fcr die Probenaufbewahrung verwendet.<\/p>\n","protected":false},"excerpt":{"rendered":"<p>Diese Schraubkappen N 8 eignen sich zum Verschlie\u00dfen von 8-425er Gewindeflaschen mit enger (Standard) \u00d6ffnung. Das Produkt hat keine Dichtscheibe. Diese muss zum dichten Verschlie\u00dfen entweder separat oder ein bereits fertig montierter Verschluss mit Septum gekauft werden. Geschlossene Versionen werden f\u00fcr die Probenaufbewahrung verwendet.<\/p>\n","protected":false},"featured_media":5325,"comment_status":"open","ping_status":"closed","template":"","meta":[],"product_cat":[25,38,42,41],"product_tag":[],"class_list":{"0":"post-5279","1":"product","2":"type-product","3":"status-publish","4":"has-post-thumbnail","6":"product_cat-chromatographie","7":"product_cat-flaschen-und-verschluesse","8":"product_cat-kappen-und-septen","9":"product_cat-verschluesse","11":"first","12":"instock","13":"shipping-taxable","14":"product-type-simple"},"_links":{"self":[{"href":"https:\/\/eam-scientific.com\/de\/wp-json\/wp\/v2\/product\/5279","targetHints":{"allow":["GET"]}}],"collection":[{"href":"https:\/\/eam-scientific.com\/de\/wp-json\/wp\/v2\/product"}],"about":[{"href":"https:\/\/eam-scientific.com\/de\/wp-json\/wp\/v2\/types\/product"}],"replies":[{"embeddable":true,"href":"https:\/\/eam-scientific.com\/de\/wp-json\/wp\/v2\/comments?post=5279"}],"wp:featuredmedia":[{"embeddable":true,"href":"https:\/\/eam-scientific.com\/de\/wp-json\/wp\/v2\/media\/5325"}],"wp:attachment":[{"href":"https:\/\/eam-scientific.com\/de\/wp-json\/wp\/v2\/media?parent=5279"}],"wp:term":[{"taxonomy":"product_cat","embeddable":true,"href":"https:\/\/eam-scientific.com\/de\/wp-json\/wp\/v2\/product_cat?post=5279"},{"taxonomy":"product_tag","embeddable":true,"href":"https:\/\/eam-scientific.com\/de\/wp-json\/wp\/v2\/product_tag?post=5279"}],"curies":[{"name":"wp","href":"https:\/\/api.w.org\/{rel}","templated":true}]}}