{"id":5284,"date":"2024-06-20T15:05:47","date_gmt":"2024-06-20T13:05:47","guid":{"rendered":"https:\/\/eam-scientific.com\/?post_type=product&#038;p=5284"},"modified":"2024-06-28T10:15:25","modified_gmt":"2024-06-28T08:15:25","slug":"boerdelverschluss-n-20-alu-berstkappe-loch-butyl-grau-ptfe-grau-30-mm","status":"publish","type":"product","link":"https:\/\/eam-scientific.com\/de\/produkt\/boerdelverschluss-n-20-alu-berstkappe-loch-butyl-grau-ptfe-grau-30-mm\/","title":{"rendered":"B\u00f6rdelverschluss, N 20, alu., Loch, Butyl dunkelgrau\/PTFE grau, 3,0 mm"},"content":{"rendered":"<p>Diese Verschl\u00fcsse mit einer Butyl\/PTFE Formscheibe sind nur im Kontaktbereich mit der Probe mit PTFE laminiert. Auf diese Weise kann das elastomere Butyl auf den Glasr\u00e4ndern der Flasche eine besonders gute Abdichtung erzielen, w\u00e4hrend vollst\u00e4ndig PTFE-laminierte Septen eine sehr rutschige Oberfl\u00e4che auf dem Glas haben und somit leicht gedreht werden k\u00f6nnen.<\/p>\n","protected":false},"excerpt":{"rendered":"<p>Diese Verschl\u00fcsse mit einer Butyl\/PTFE Formscheibe sind nur im Kontaktbereich mit der Probe mit PTFE laminiert. Auf diese Weise kann das elastomere Butyl auf den Glasr\u00e4ndern der Flasche eine besonders gute Abdichtung erzielen, w\u00e4hrend vollst\u00e4ndig PTFE-laminierte Septen eine sehr rutschige Oberfl\u00e4che auf dem Glas haben und somit leicht gedreht werden k\u00f6nnen.<\/p>\n","protected":false},"featured_media":15765,"comment_status":"open","ping_status":"closed","template":"","meta":[],"product_cat":[25,38,42,41],"product_tag":[],"class_list":{"0":"post-5284","1":"product","2":"type-product","3":"status-publish","4":"has-post-thumbnail","6":"product_cat-chromatographie","7":"product_cat-flaschen-und-verschluesse","8":"product_cat-kappen-und-septen","9":"product_cat-verschluesse","11":"first","12":"instock","13":"shipping-taxable","14":"product-type-simple"},"_links":{"self":[{"href":"https:\/\/eam-scientific.com\/de\/wp-json\/wp\/v2\/product\/5284","targetHints":{"allow":["GET"]}}],"collection":[{"href":"https:\/\/eam-scientific.com\/de\/wp-json\/wp\/v2\/product"}],"about":[{"href":"https:\/\/eam-scientific.com\/de\/wp-json\/wp\/v2\/types\/product"}],"replies":[{"embeddable":true,"href":"https:\/\/eam-scientific.com\/de\/wp-json\/wp\/v2\/comments?post=5284"}],"wp:featuredmedia":[{"embeddable":true,"href":"https:\/\/eam-scientific.com\/de\/wp-json\/wp\/v2\/media\/15765"}],"wp:attachment":[{"href":"https:\/\/eam-scientific.com\/de\/wp-json\/wp\/v2\/media?parent=5284"}],"wp:term":[{"taxonomy":"product_cat","embeddable":true,"href":"https:\/\/eam-scientific.com\/de\/wp-json\/wp\/v2\/product_cat?post=5284"},{"taxonomy":"product_tag","embeddable":true,"href":"https:\/\/eam-scientific.com\/de\/wp-json\/wp\/v2\/product_tag?post=5284"}],"curies":[{"name":"wp","href":"https:\/\/api.w.org\/{rel}","templated":true}]}}