{"id":5306,"date":"2024-06-20T15:06:08","date_gmt":"2024-06-20T13:06:08","guid":{"rendered":"https:\/\/eam-scientific.com\/?post_type=product&#038;p=5306"},"modified":"2024-06-28T10:14:28","modified_gmt":"2024-06-28T08:14:28","slug":"boerdelverschluss-n-11-alu-loch-o-ring-aluminiumseptum-silber-01-mm","status":"publish","type":"product","link":"https:\/\/eam-scientific.com\/de\/produkt\/boerdelverschluss-n-11-alu-loch-o-ring-aluminiumseptum-silber-01-mm\/","title":{"rendered":"B\u00f6rdelverschluss, N 11, alu., Loch, O-ring + Aluminiumseptum, silber, 0,1 mm"},"content":{"rendered":"<p>Gebrauchsfertig montierter, phthalatfreier (TPF) B\u00f6rdelverschluss mit einem elastomer- und halogenfreien Septum f\u00fcr die Einmalinjektion. Gut geeignet f\u00fcr die Spurenanalytik (GC\/MS, LC\/MS), da keine St\u00f6rpeaks durch Weichmacher entstehen k\u00f6nnen. Weitere Anwendungsbereiche sind die Phthalatanalytik, die Elastomer- und Plastomeranalytik, Analytik von fluorierten\/halogenierten organischen Verbindungen, VOC (fl\u00fcchtige organische Verbindungen), Analytik von Polymerisationskatalysatoren sowie die Silicon- und Silikatanalytik. Nur f\u00fcr Einmalinjektion geeignet.<\/p>\n","protected":false},"excerpt":{"rendered":"<p>Gebrauchsfertig montierter, phthalatfreier (TPF) B\u00f6rdelverschluss mit einem elastomer- und halogenfreien Septum f\u00fcr die Einmalinjektion. Gut geeignet f\u00fcr die Spurenanalytik (GC\/MS, LC\/MS), da keine St\u00f6rpeaks durch Weichmacher entstehen k\u00f6nnen. Weitere Anwendungsbereiche sind die Phthalatanalytik, die Elastomer- und Plastomeranalytik, Analytik von fluorierten\/halogenierten organischen Verbindungen, VOC (fl\u00fcchtige organische Verbindungen), Analytik von Polymerisationskatalysatoren sowie die Silicon- und Silikatanalytik. Nur [&hellip;]<\/p>\n","protected":false},"featured_media":5333,"comment_status":"open","ping_status":"closed","template":"","meta":[],"product_cat":[25,38,42,41],"product_tag":[],"class_list":{"0":"post-5306","1":"product","2":"type-product","3":"status-publish","4":"has-post-thumbnail","6":"product_cat-chromatographie","7":"product_cat-flaschen-und-verschluesse","8":"product_cat-kappen-und-septen","9":"product_cat-verschluesse","11":"first","12":"instock","13":"shipping-taxable","14":"product-type-simple"},"_links":{"self":[{"href":"https:\/\/eam-scientific.com\/de\/wp-json\/wp\/v2\/product\/5306","targetHints":{"allow":["GET"]}}],"collection":[{"href":"https:\/\/eam-scientific.com\/de\/wp-json\/wp\/v2\/product"}],"about":[{"href":"https:\/\/eam-scientific.com\/de\/wp-json\/wp\/v2\/types\/product"}],"replies":[{"embeddable":true,"href":"https:\/\/eam-scientific.com\/de\/wp-json\/wp\/v2\/comments?post=5306"}],"wp:featuredmedia":[{"embeddable":true,"href":"https:\/\/eam-scientific.com\/de\/wp-json\/wp\/v2\/media\/5333"}],"wp:attachment":[{"href":"https:\/\/eam-scientific.com\/de\/wp-json\/wp\/v2\/media?parent=5306"}],"wp:term":[{"taxonomy":"product_cat","embeddable":true,"href":"https:\/\/eam-scientific.com\/de\/wp-json\/wp\/v2\/product_cat?post=5306"},{"taxonomy":"product_tag","embeddable":true,"href":"https:\/\/eam-scientific.com\/de\/wp-json\/wp\/v2\/product_tag?post=5306"}],"curies":[{"name":"wp","href":"https:\/\/api.w.org\/{rel}","templated":true}]}}