{"id":5308,"date":"2024-06-20T15:06:08","date_gmt":"2024-06-20T13:06:08","guid":{"rendered":"https:\/\/eam-scientific.com\/?post_type=product&#038;p=5308"},"modified":"2024-06-28T10:14:28","modified_gmt":"2024-06-28T08:14:28","slug":"schraubverschlussbondedn-10ppschwarzlochsil-w-ptfe-blaugeschlitzt15mm","status":"publish","type":"product","link":"https:\/\/eam-scientific.com\/de\/produkt\/schraubverschlussbondedn-10ppschwarzlochsil-w-ptfe-blaugeschlitzt15mm\/","title":{"rendered":"Schraubverschluss(bonded),N 10,PP,schwarz,Loch,Sil.w.\/PTFE blau,geschlitzt,1,5mm"},"content":{"rendered":"<p>Fest verbundenes Septum f\u00fcr eine sichere Penetration stumpfer HPLC Nadeln, wie z.B. bei Waters Ger\u00e4ten. Septum kann nicht in die Flasche gedr\u00fcckt werden.<\/p>\n","protected":false},"excerpt":{"rendered":"<p>Fest verbundenes Septum f\u00fcr eine sichere Penetration stumpfer HPLC Nadeln, wie z.B. bei Waters Ger\u00e4ten. Septum kann nicht in die Flasche gedr\u00fcckt werden.<\/p>\n","protected":false},"featured_media":5335,"comment_status":"open","ping_status":"closed","template":"","meta":[],"product_cat":[25,38,42,41],"product_tag":[],"class_list":{"0":"post-5308","1":"product","2":"type-product","3":"status-publish","4":"has-post-thumbnail","6":"product_cat-chromatographie","7":"product_cat-flaschen-und-verschluesse","8":"product_cat-kappen-und-septen","9":"product_cat-verschluesse","11":"first","12":"instock","13":"shipping-taxable","14":"product-type-simple"},"_links":{"self":[{"href":"https:\/\/eam-scientific.com\/de\/wp-json\/wp\/v2\/product\/5308","targetHints":{"allow":["GET"]}}],"collection":[{"href":"https:\/\/eam-scientific.com\/de\/wp-json\/wp\/v2\/product"}],"about":[{"href":"https:\/\/eam-scientific.com\/de\/wp-json\/wp\/v2\/types\/product"}],"replies":[{"embeddable":true,"href":"https:\/\/eam-scientific.com\/de\/wp-json\/wp\/v2\/comments?post=5308"}],"wp:featuredmedia":[{"embeddable":true,"href":"https:\/\/eam-scientific.com\/de\/wp-json\/wp\/v2\/media\/5335"}],"wp:attachment":[{"href":"https:\/\/eam-scientific.com\/de\/wp-json\/wp\/v2\/media?parent=5308"}],"wp:term":[{"taxonomy":"product_cat","embeddable":true,"href":"https:\/\/eam-scientific.com\/de\/wp-json\/wp\/v2\/product_cat?post=5308"},{"taxonomy":"product_tag","embeddable":true,"href":"https:\/\/eam-scientific.com\/de\/wp-json\/wp\/v2\/product_tag?post=5308"}],"curies":[{"name":"wp","href":"https:\/\/api.w.org\/{rel}","templated":true}]}}