{"id":5310,"date":"2024-06-20T15:06:08","date_gmt":"2024-06-20T13:06:08","guid":{"rendered":"https:\/\/eam-scientific.com\/?post_type=product&#038;p=5310"},"modified":"2024-06-28T10:14:28","modified_gmt":"2024-06-28T08:14:28","slug":"boerdelverschluss-n-20-alu-loch-sil-blau-tr-ptfe-farbl-pharma-fix-3mm","status":"publish","type":"product","link":"https:\/\/eam-scientific.com\/de\/produkt\/boerdelverschluss-n-20-alu-loch-sil-blau-tr-ptfe-farbl-pharma-fix-3mm\/","title":{"rendered":"B\u00f6rdelverschluss, N 20, alu., Loch, Sil. blau tr.\/PTFE farbl. (Pharma-Fix), 3mm"},"content":{"rendered":"<p>Diese Verschl\u00fcsse mit einer hochreinen Silikon\/PTFE Formscheibe sind nur im Kontaktbereich mit der Probe mit PTFE laminiert. Auf diese Weise kann das elastomere Silikon auf den Glasr\u00e4ndern der Flasche eine besonders gute Abdichtung erzielen, w\u00e4hrend vollst\u00e4ndig PTFE-laminierte Septen eine sehr rutschige Oberfl\u00e4che auf dem Glas haben und somit leicht gedreht werden k\u00f6nnen.<\/p>\n","protected":false},"excerpt":{"rendered":"<p>Diese Verschl\u00fcsse mit einer hochreinen Silikon\/PTFE Formscheibe sind nur im Kontaktbereich mit der Probe mit PTFE laminiert. Auf diese Weise kann das elastomere Silikon auf den Glasr\u00e4ndern der Flasche eine besonders gute Abdichtung erzielen, w\u00e4hrend vollst\u00e4ndig PTFE-laminierte Septen eine sehr rutschige Oberfl\u00e4che auf dem Glas haben und somit leicht gedreht werden k\u00f6nnen.<\/p>\n","protected":false},"featured_media":5337,"comment_status":"open","ping_status":"closed","template":"","meta":[],"product_cat":[25,38,42,41],"product_tag":[],"class_list":{"0":"post-5310","1":"product","2":"type-product","3":"status-publish","4":"has-post-thumbnail","6":"product_cat-chromatographie","7":"product_cat-flaschen-und-verschluesse","8":"product_cat-kappen-und-septen","9":"product_cat-verschluesse","11":"first","12":"instock","13":"shipping-taxable","14":"product-type-simple"},"_links":{"self":[{"href":"https:\/\/eam-scientific.com\/de\/wp-json\/wp\/v2\/product\/5310","targetHints":{"allow":["GET"]}}],"collection":[{"href":"https:\/\/eam-scientific.com\/de\/wp-json\/wp\/v2\/product"}],"about":[{"href":"https:\/\/eam-scientific.com\/de\/wp-json\/wp\/v2\/types\/product"}],"replies":[{"embeddable":true,"href":"https:\/\/eam-scientific.com\/de\/wp-json\/wp\/v2\/comments?post=5310"}],"wp:featuredmedia":[{"embeddable":true,"href":"https:\/\/eam-scientific.com\/de\/wp-json\/wp\/v2\/media\/5337"}],"wp:attachment":[{"href":"https:\/\/eam-scientific.com\/de\/wp-json\/wp\/v2\/media?parent=5310"}],"wp:term":[{"taxonomy":"product_cat","embeddable":true,"href":"https:\/\/eam-scientific.com\/de\/wp-json\/wp\/v2\/product_cat?post=5310"},{"taxonomy":"product_tag","embeddable":true,"href":"https:\/\/eam-scientific.com\/de\/wp-json\/wp\/v2\/product_tag?post=5310"}],"curies":[{"name":"wp","href":"https:\/\/api.w.org\/{rel}","templated":true}]}}