{"id":5349,"date":"2024-06-20T15:06:30","date_gmt":"2024-06-20T13:06:30","guid":{"rendered":"https:\/\/eam-scientific.com\/?post_type=product&#038;p=5349"},"modified":"2024-06-28T10:14:38","modified_gmt":"2024-06-28T08:14:38","slug":"schraubverschluss-n-18-magn-silbergeschlossen-silikon-w-ptfe-blau15mm","status":"publish","type":"product","link":"https:\/\/eam-scientific.com\/de\/produkt\/schraubverschluss-n-18-magn-silbergeschlossen-silikon-w-ptfe-blau15mm\/","title":{"rendered":"Schraubverschluss, N 18, magn.,silber,geschlossen, Silikon w.\/PTFE blau,1,5mm"},"content":{"rendered":"<p>Geschlossener Schraubverschluss f\u00fcr Gewindeflaschen N 18 zur Probenaufbewahrung \/ zum Probentransport. Durch Wechsel auf den entsprechenden Lochkappenverschluss kann ohne weiteres Umf\u00fcllen im Anschluss eine Headspace Analyse auf Ger\u00e4ten durchgef\u00fchrt werden, die f\u00fcr diesen Flaschentyp geeignet sind.<\/p>\n","protected":false},"excerpt":{"rendered":"<p>Geschlossener Schraubverschluss f\u00fcr Gewindeflaschen N 18 zur Probenaufbewahrung \/ zum Probentransport. Durch Wechsel auf den entsprechenden Lochkappenverschluss kann ohne weiteres Umf\u00fcllen im Anschluss eine Headspace Analyse auf Ger\u00e4ten durchgef\u00fchrt werden, die f\u00fcr diesen Flaschentyp geeignet sind.<\/p>\n","protected":false},"featured_media":5375,"comment_status":"open","ping_status":"closed","template":"","meta":[],"product_cat":[25,38,42,41],"product_tag":[],"class_list":{"0":"post-5349","1":"product","2":"type-product","3":"status-publish","4":"has-post-thumbnail","6":"product_cat-chromatographie","7":"product_cat-flaschen-und-verschluesse","8":"product_cat-kappen-und-septen","9":"product_cat-verschluesse","11":"first","12":"instock","13":"shipping-taxable","14":"product-type-simple"},"_links":{"self":[{"href":"https:\/\/eam-scientific.com\/de\/wp-json\/wp\/v2\/product\/5349","targetHints":{"allow":["GET"]}}],"collection":[{"href":"https:\/\/eam-scientific.com\/de\/wp-json\/wp\/v2\/product"}],"about":[{"href":"https:\/\/eam-scientific.com\/de\/wp-json\/wp\/v2\/types\/product"}],"replies":[{"embeddable":true,"href":"https:\/\/eam-scientific.com\/de\/wp-json\/wp\/v2\/comments?post=5349"}],"wp:featuredmedia":[{"embeddable":true,"href":"https:\/\/eam-scientific.com\/de\/wp-json\/wp\/v2\/media\/5375"}],"wp:attachment":[{"href":"https:\/\/eam-scientific.com\/de\/wp-json\/wp\/v2\/media?parent=5349"}],"wp:term":[{"taxonomy":"product_cat","embeddable":true,"href":"https:\/\/eam-scientific.com\/de\/wp-json\/wp\/v2\/product_cat?post=5349"},{"taxonomy":"product_tag","embeddable":true,"href":"https:\/\/eam-scientific.com\/de\/wp-json\/wp\/v2\/product_tag?post=5349"}],"curies":[{"name":"wp","href":"https:\/\/api.w.org\/{rel}","templated":true}]}}