{"id":5357,"date":"2024-06-20T15:06:30","date_gmt":"2024-06-20T13:06:30","guid":{"rendered":"https:\/\/eam-scientific.com\/?post_type=product&#038;p=5357"},"modified":"2024-06-28T10:14:40","modified_gmt":"2024-06-28T08:14:40","slug":"septa-n-12-ptfe-weiss-0-25-mm-53-shore-d","status":"publish","type":"product","link":"https:\/\/eam-scientific.com\/de\/produkt\/septa-n-12-ptfe-weiss-0-25-mm-53-shore-d\/","title":{"rendered":"Septa N 12, PTFE, Wei\u00df, 0.25 mm, 53\u00b0 shore D"},"content":{"rendered":"<p>Ersatzsepten werden nicht f\u00fcr alle Verschlusstypen und -gr\u00f6\u00dfen angeboten, da eine manuelle Montage aufgrund des Kontaminationsrisikos und einer m\u00f6glichen falschen Seitenorientierung nicht empfehlenswert ist. F\u00fcr die g\u00e4ngigsten Gr\u00f6\u00dfen und Septenmaterialien bieten wir diese jedoch zusammen mit den entsprechenden Leerkappen an. Bitte beachten Sie, dass der Nenndurchmesser der Septen aufgrund der Wanddicke der Kappe manchmal kleiner als der ND der Kappe sein kann (z.B. werden Septen N 12 in Schraubkappen N 13 montiert).<\/p>\n","protected":false},"excerpt":{"rendered":"<p>Ersatzsepten werden nicht f\u00fcr alle Verschlusstypen und -gr\u00f6\u00dfen angeboten, da eine manuelle Montage aufgrund des Kontaminationsrisikos und einer m\u00f6glichen falschen Seitenorientierung nicht empfehlenswert ist. F\u00fcr die g\u00e4ngigsten Gr\u00f6\u00dfen und Septenmaterialien bieten wir diese jedoch zusammen mit den entsprechenden Leerkappen an. Bitte beachten Sie, dass der Nenndurchmesser der Septen aufgrund der Wanddicke der Kappe manchmal kleiner [&hellip;]<\/p>\n","protected":false},"featured_media":5402,"comment_status":"open","ping_status":"closed","template":"","meta":[],"product_cat":[25,38,42,41],"product_tag":[],"class_list":{"0":"post-5357","1":"product","2":"type-product","3":"status-publish","4":"has-post-thumbnail","6":"product_cat-chromatographie","7":"product_cat-flaschen-und-verschluesse","8":"product_cat-kappen-und-septen","9":"product_cat-verschluesse","11":"first","12":"instock","13":"shipping-taxable","14":"product-type-simple"},"_links":{"self":[{"href":"https:\/\/eam-scientific.com\/de\/wp-json\/wp\/v2\/product\/5357","targetHints":{"allow":["GET"]}}],"collection":[{"href":"https:\/\/eam-scientific.com\/de\/wp-json\/wp\/v2\/product"}],"about":[{"href":"https:\/\/eam-scientific.com\/de\/wp-json\/wp\/v2\/types\/product"}],"replies":[{"embeddable":true,"href":"https:\/\/eam-scientific.com\/de\/wp-json\/wp\/v2\/comments?post=5357"}],"wp:featuredmedia":[{"embeddable":true,"href":"https:\/\/eam-scientific.com\/de\/wp-json\/wp\/v2\/media\/5402"}],"wp:attachment":[{"href":"https:\/\/eam-scientific.com\/de\/wp-json\/wp\/v2\/media?parent=5357"}],"wp:term":[{"taxonomy":"product_cat","embeddable":true,"href":"https:\/\/eam-scientific.com\/de\/wp-json\/wp\/v2\/product_cat?post=5357"},{"taxonomy":"product_tag","embeddable":true,"href":"https:\/\/eam-scientific.com\/de\/wp-json\/wp\/v2\/product_tag?post=5357"}],"curies":[{"name":"wp","href":"https:\/\/api.w.org\/{rel}","templated":true}]}}