{"id":5387,"date":"2024-06-20T15:06:52","date_gmt":"2024-06-20T13:06:52","guid":{"rendered":"https:\/\/eam-scientific.com\/?post_type=product&#038;p=5387"},"modified":"2024-06-28T10:15:30","modified_gmt":"2024-06-28T08:15:30","slug":"boerdelverschluss-n-11-alu-rot-loch-silikon-weiss-ptfe-rot-13-mm","status":"publish","type":"product","link":"https:\/\/eam-scientific.com\/de\/produkt\/boerdelverschluss-n-11-alu-rot-loch-silikon-weiss-ptfe-rot-13-mm\/","title":{"rendered":"B\u00f6rdelverschluss, N 11, alu., Loch, Silikon wei\u00df\/PTFE rot, 1,3 mm"},"content":{"rendered":"<p>Dieses Produkt geh\u00f6rt zu unserer gro\u00dfen Auswahl an 11 mm Aluminium B\u00f6rdelverschl\u00fcssen. Silikon\/PTFE wird von den meisten Instrumentenherstellern aufgrund seiner analytischen Reinheit empfohlen, da es dadurch auch f\u00fcr anspruchsvolle Analysen geeignet ist. Einfache und sichere Penetration verbunden mit geringer Fragmentierung und hoher Temperaturbest\u00e4ndigkeit z\u00e4hlen zu den weiteren Vorteilen dieses Dichtscheibenmaterials.<\/p>\n","protected":false},"excerpt":{"rendered":"<p>Dieses Produkt geh\u00f6rt zu unserer gro\u00dfen Auswahl an 11 mm Aluminium B\u00f6rdelverschl\u00fcssen. Silikon\/PTFE wird von den meisten Instrumentenherstellern aufgrund seiner analytischen Reinheit empfohlen, da es dadurch auch f\u00fcr anspruchsvolle Analysen geeignet ist. Einfache und sichere Penetration verbunden mit geringer Fragmentierung und hoher Temperaturbest\u00e4ndigkeit z\u00e4hlen zu den weiteren Vorteilen dieses Dichtscheibenmaterials.<\/p>\n","protected":false},"featured_media":15774,"comment_status":"open","ping_status":"closed","template":"","meta":[],"product_cat":[25,38,42,41],"product_tag":[],"class_list":{"0":"post-5387","1":"product","2":"type-product","3":"status-publish","4":"has-post-thumbnail","6":"product_cat-chromatographie","7":"product_cat-flaschen-und-verschluesse","8":"product_cat-kappen-und-septen","9":"product_cat-verschluesse","11":"first","12":"instock","13":"shipping-taxable","14":"product-type-simple"},"_links":{"self":[{"href":"https:\/\/eam-scientific.com\/de\/wp-json\/wp\/v2\/product\/5387","targetHints":{"allow":["GET"]}}],"collection":[{"href":"https:\/\/eam-scientific.com\/de\/wp-json\/wp\/v2\/product"}],"about":[{"href":"https:\/\/eam-scientific.com\/de\/wp-json\/wp\/v2\/types\/product"}],"replies":[{"embeddable":true,"href":"https:\/\/eam-scientific.com\/de\/wp-json\/wp\/v2\/comments?post=5387"}],"wp:featuredmedia":[{"embeddable":true,"href":"https:\/\/eam-scientific.com\/de\/wp-json\/wp\/v2\/media\/15774"}],"wp:attachment":[{"href":"https:\/\/eam-scientific.com\/de\/wp-json\/wp\/v2\/media?parent=5387"}],"wp:term":[{"taxonomy":"product_cat","embeddable":true,"href":"https:\/\/eam-scientific.com\/de\/wp-json\/wp\/v2\/product_cat?post=5387"},{"taxonomy":"product_tag","embeddable":true,"href":"https:\/\/eam-scientific.com\/de\/wp-json\/wp\/v2\/product_tag?post=5387"}],"curies":[{"name":"wp","href":"https:\/\/api.w.org\/{rel}","templated":true}]}}