{"id":5389,"date":"2024-06-20T15:06:52","date_gmt":"2024-06-20T13:06:52","guid":{"rendered":"https:\/\/eam-scientific.com\/?post_type=product&#038;p=5389"},"modified":"2024-06-28T10:15:32","modified_gmt":"2024-06-28T08:15:32","slug":"schnappringverschl-n-11pehartblaulochsil-w-ptfe-blaukreuzgeschl-10mm","status":"publish","type":"product","link":"https:\/\/eam-scientific.com\/de\/produkt\/schnappringverschl-n-11pehartblaulochsil-w-ptfe-blaukreuzgeschl-10mm\/","title":{"rendered":"Schnappringverschl.,N 11,PE(weich),hellbl.,Loch,Sil,w.\/PTFE bl.,kreuzgeschl.,1mm"},"content":{"rendered":"<p>Harte Schnappringkappen f\u00fcr bessere Dichtigkeit; weiche f\u00fcr leichteres Handling. Aufgrund des kreuzgeschlitzten Septums besonders gut geeignet f\u00fcr dicke\/stumpfe HPLC-Nadeln.<\/p>\n","protected":false},"excerpt":{"rendered":"<p>Harte Schnappringkappen f\u00fcr bessere Dichtigkeit; weiche f\u00fcr leichteres Handling. Aufgrund des kreuzgeschlitzten Septums besonders gut geeignet f\u00fcr dicke\/stumpfe HPLC-Nadeln.<\/p>\n","protected":false},"featured_media":15780,"comment_status":"open","ping_status":"closed","template":"","meta":[],"product_cat":[25,38,42,41],"product_tag":[],"class_list":{"0":"post-5389","1":"product","2":"type-product","3":"status-publish","4":"has-post-thumbnail","6":"product_cat-chromatographie","7":"product_cat-flaschen-und-verschluesse","8":"product_cat-kappen-und-septen","9":"product_cat-verschluesse","11":"first","12":"instock","13":"shipping-taxable","14":"product-type-simple"},"_links":{"self":[{"href":"https:\/\/eam-scientific.com\/de\/wp-json\/wp\/v2\/product\/5389","targetHints":{"allow":["GET"]}}],"collection":[{"href":"https:\/\/eam-scientific.com\/de\/wp-json\/wp\/v2\/product"}],"about":[{"href":"https:\/\/eam-scientific.com\/de\/wp-json\/wp\/v2\/types\/product"}],"replies":[{"embeddable":true,"href":"https:\/\/eam-scientific.com\/de\/wp-json\/wp\/v2\/comments?post=5389"}],"wp:featuredmedia":[{"embeddable":true,"href":"https:\/\/eam-scientific.com\/de\/wp-json\/wp\/v2\/media\/15780"}],"wp:attachment":[{"href":"https:\/\/eam-scientific.com\/de\/wp-json\/wp\/v2\/media?parent=5389"}],"wp:term":[{"taxonomy":"product_cat","embeddable":true,"href":"https:\/\/eam-scientific.com\/de\/wp-json\/wp\/v2\/product_cat?post=5389"},{"taxonomy":"product_tag","embeddable":true,"href":"https:\/\/eam-scientific.com\/de\/wp-json\/wp\/v2\/product_tag?post=5389"}],"curies":[{"name":"wp","href":"https:\/\/api.w.org\/{rel}","templated":true}]}}