{"id":5423,"date":"2024-06-20T15:07:13","date_gmt":"2024-06-20T13:07:13","guid":{"rendered":"https:\/\/eam-scientific.com\/?post_type=product&#038;p=5423"},"modified":"2024-06-28T10:14:52","modified_gmt":"2024-06-28T08:14:52","slug":"schraubverschluss-n-8-pp-schwarz-loch-ohne-septum","status":"publish","type":"product","link":"https:\/\/eam-scientific.com\/de\/produkt\/schraubverschluss-n-8-pp-schwarz-loch-ohne-septum\/","title":{"rendered":"Schraubverschluss, N 8, PP, schwarz, Loch, ohne Septum"},"content":{"rendered":"<p>Diese Schraubverschl\u00fcsse N 8 eignen sich zum Verschlie\u00dfen von 8-425er Gewindeflaschen mit enger (Standard) \u00d6ffnung. Dieses Produkt hat keine Dichtscheibe.<\/p>\n","protected":false},"excerpt":{"rendered":"<p>Diese Schraubverschl\u00fcsse N 8 eignen sich zum Verschlie\u00dfen von 8-425er Gewindeflaschen mit enger (Standard) \u00d6ffnung. Dieses Produkt hat keine Dichtscheibe.<\/p>\n","protected":false},"featured_media":5445,"comment_status":"open","ping_status":"closed","template":"","meta":[],"product_cat":[25,38,42,41],"product_tag":[],"class_list":{"0":"post-5423","1":"product","2":"type-product","3":"status-publish","4":"has-post-thumbnail","6":"product_cat-chromatographie","7":"product_cat-flaschen-und-verschluesse","8":"product_cat-kappen-und-septen","9":"product_cat-verschluesse","11":"first","12":"instock","13":"shipping-taxable","14":"product-type-simple"},"_links":{"self":[{"href":"https:\/\/eam-scientific.com\/de\/wp-json\/wp\/v2\/product\/5423","targetHints":{"allow":["GET"]}}],"collection":[{"href":"https:\/\/eam-scientific.com\/de\/wp-json\/wp\/v2\/product"}],"about":[{"href":"https:\/\/eam-scientific.com\/de\/wp-json\/wp\/v2\/types\/product"}],"replies":[{"embeddable":true,"href":"https:\/\/eam-scientific.com\/de\/wp-json\/wp\/v2\/comments?post=5423"}],"wp:featuredmedia":[{"embeddable":true,"href":"https:\/\/eam-scientific.com\/de\/wp-json\/wp\/v2\/media\/5445"}],"wp:attachment":[{"href":"https:\/\/eam-scientific.com\/de\/wp-json\/wp\/v2\/media?parent=5423"}],"wp:term":[{"taxonomy":"product_cat","embeddable":true,"href":"https:\/\/eam-scientific.com\/de\/wp-json\/wp\/v2\/product_cat?post=5423"},{"taxonomy":"product_tag","embeddable":true,"href":"https:\/\/eam-scientific.com\/de\/wp-json\/wp\/v2\/product_tag?post=5423"}],"curies":[{"name":"wp","href":"https:\/\/api.w.org\/{rel}","templated":true}]}}