{"id":5424,"date":"2024-06-20T15:07:13","date_gmt":"2024-06-20T13:07:13","guid":{"rendered":"https:\/\/eam-scientific.com\/?post_type=product&#038;p=5424"},"modified":"2024-06-28T10:14:52","modified_gmt":"2024-06-28T08:14:52","slug":"schraubverschluss-n-18-magnetisch-silberloch-butyl-rot-ptfe-grau15mm","status":"publish","type":"product","link":"https:\/\/eam-scientific.com\/de\/produkt\/schraubverschluss-n-18-magnetisch-silberloch-butyl-rot-ptfe-grau15mm\/","title":{"rendered":"Schraubverschluss, N 18, magnetisch, silber,Loch, Butyl rot\/PTFE grau,1,5mm"},"content":{"rendered":"<p>Magnetische Schraubverschl\u00fcsse N 18 haben im Vergleich zum Verb\u00f6rdeln einen bequemeren, konsistenteren und sichereren Verschlie\u00dfprozess (bessere Reproduzierbarkeit). Durch das d\u00fcnnere Septum (1,5 statt 3 mm) wird die Penetration der Nadel erleichtert und mit weniger Fragmentierung durchgef\u00fchrt (besonders wichtig f\u00fcr SPME-Anwendungen). Sie bieten eine flache Oberfl\u00e4che f\u00fcr den Magneten; so kann die gef\u00fcllte Flasche vom Magneten fallen, wie es bei \u00fcberb\u00f6rdelten Flaschen aufgrund der W\u00f6lbung der Kappe der Fall sein kann.<\/p>\n","protected":false},"excerpt":{"rendered":"<p>Magnetische Schraubverschl\u00fcsse N 18 haben im Vergleich zum Verb\u00f6rdeln einen bequemeren, konsistenteren und sichereren Verschlie\u00dfprozess (bessere Reproduzierbarkeit). Durch das d\u00fcnnere Septum (1,5 statt 3 mm) wird die Penetration der Nadel erleichtert und mit weniger Fragmentierung durchgef\u00fchrt (besonders wichtig f\u00fcr SPME-Anwendungen). Sie bieten eine flache Oberfl\u00e4che f\u00fcr den Magneten; so kann die gef\u00fcllte Flasche vom Magneten [&hellip;]<\/p>\n","protected":false},"featured_media":5446,"comment_status":"open","ping_status":"closed","template":"","meta":[],"product_cat":[25,38,42,41],"product_tag":[],"class_list":{"0":"post-5424","1":"product","2":"type-product","3":"status-publish","4":"has-post-thumbnail","6":"product_cat-chromatographie","7":"product_cat-flaschen-und-verschluesse","8":"product_cat-kappen-und-septen","9":"product_cat-verschluesse","11":"first","12":"instock","13":"shipping-taxable","14":"product-type-simple"},"_links":{"self":[{"href":"https:\/\/eam-scientific.com\/de\/wp-json\/wp\/v2\/product\/5424","targetHints":{"allow":["GET"]}}],"collection":[{"href":"https:\/\/eam-scientific.com\/de\/wp-json\/wp\/v2\/product"}],"about":[{"href":"https:\/\/eam-scientific.com\/de\/wp-json\/wp\/v2\/types\/product"}],"replies":[{"embeddable":true,"href":"https:\/\/eam-scientific.com\/de\/wp-json\/wp\/v2\/comments?post=5424"}],"wp:featuredmedia":[{"embeddable":true,"href":"https:\/\/eam-scientific.com\/de\/wp-json\/wp\/v2\/media\/5446"}],"wp:attachment":[{"href":"https:\/\/eam-scientific.com\/de\/wp-json\/wp\/v2\/media?parent=5424"}],"wp:term":[{"taxonomy":"product_cat","embeddable":true,"href":"https:\/\/eam-scientific.com\/de\/wp-json\/wp\/v2\/product_cat?post=5424"},{"taxonomy":"product_tag","embeddable":true,"href":"https:\/\/eam-scientific.com\/de\/wp-json\/wp\/v2\/product_tag?post=5424"}],"curies":[{"name":"wp","href":"https:\/\/api.w.org\/{rel}","templated":true}]}}