{"id":5425,"date":"2024-06-20T15:07:13","date_gmt":"2024-06-20T13:07:13","guid":{"rendered":"https:\/\/eam-scientific.com\/?post_type=product&#038;p=5425"},"modified":"2024-06-28T10:14:52","modified_gmt":"2024-06-28T08:14:52","slug":"schraubverschluss-bonded-n-20-pp-weisslochsilikon-w-ptfe-beige15mm","status":"publish","type":"product","link":"https:\/\/eam-scientific.com\/de\/produkt\/schraubverschluss-bonded-n-20-pp-weisslochsilikon-w-ptfe-beige15mm\/","title":{"rendered":"Schraubverschluss (bonded), N 20, PP, wei\u00df,Loch,Silikon w.\/PTFE beige,1,5mm"},"content":{"rendered":"<p>Gebondete Verschl\u00fcsse mit fest integriertem, nicht entfernbarem Silikon\/PTFE-Septum. Silikon\/PTFE bietet h\u00f6chste analytische Reinheit und eine hohe Temperaturbest\u00e4ndigkeit. Geschlossene Variante f\u00fcr die Probenaufbewahrung; 702181 kann f\u00fcr die TOC-Analyse auf Shimadzu ASI-L\/ASI-V verwendet werden.<\/p>\n","protected":false},"excerpt":{"rendered":"<p>Gebondete Verschl\u00fcsse mit fest integriertem, nicht entfernbarem Silikon\/PTFE-Septum. Silikon\/PTFE bietet h\u00f6chste analytische Reinheit und eine hohe Temperaturbest\u00e4ndigkeit. Geschlossene Variante f\u00fcr die Probenaufbewahrung; 702181 kann f\u00fcr die TOC-Analyse auf Shimadzu ASI-L\/ASI-V verwendet werden.<\/p>\n","protected":false},"featured_media":5447,"comment_status":"open","ping_status":"closed","template":"","meta":[],"product_cat":[25,38,42,41],"product_tag":[],"class_list":{"0":"post-5425","1":"product","2":"type-product","3":"status-publish","4":"has-post-thumbnail","6":"product_cat-chromatographie","7":"product_cat-flaschen-und-verschluesse","8":"product_cat-kappen-und-septen","9":"product_cat-verschluesse","11":"first","12":"instock","13":"shipping-taxable","14":"product-type-simple"},"_links":{"self":[{"href":"https:\/\/eam-scientific.com\/de\/wp-json\/wp\/v2\/product\/5425","targetHints":{"allow":["GET"]}}],"collection":[{"href":"https:\/\/eam-scientific.com\/de\/wp-json\/wp\/v2\/product"}],"about":[{"href":"https:\/\/eam-scientific.com\/de\/wp-json\/wp\/v2\/types\/product"}],"replies":[{"embeddable":true,"href":"https:\/\/eam-scientific.com\/de\/wp-json\/wp\/v2\/comments?post=5425"}],"wp:featuredmedia":[{"embeddable":true,"href":"https:\/\/eam-scientific.com\/de\/wp-json\/wp\/v2\/media\/5447"}],"wp:attachment":[{"href":"https:\/\/eam-scientific.com\/de\/wp-json\/wp\/v2\/media?parent=5425"}],"wp:term":[{"taxonomy":"product_cat","embeddable":true,"href":"https:\/\/eam-scientific.com\/de\/wp-json\/wp\/v2\/product_cat?post=5425"},{"taxonomy":"product_tag","embeddable":true,"href":"https:\/\/eam-scientific.com\/de\/wp-json\/wp\/v2\/product_tag?post=5425"}],"curies":[{"name":"wp","href":"https:\/\/api.w.org\/{rel}","templated":true}]}}