{"id":5426,"date":"2024-06-20T15:07:13","date_gmt":"2024-06-20T13:07:13","guid":{"rendered":"https:\/\/eam-scientific.com\/?post_type=product&#038;p=5426"},"modified":"2024-06-28T10:14:52","modified_gmt":"2024-06-28T08:14:52","slug":"schraubverschluss-bonded-n-18-pp-weiss-geschl-silikon-w-ptfe-blau-13mm","status":"publish","type":"product","link":"https:\/\/eam-scientific.com\/de\/produkt\/schraubverschluss-bonded-n-18-pp-weiss-geschl-silikon-w-ptfe-blau-13mm\/","title":{"rendered":"Schraubverschluss (bonded), N 18, PP, wei\u00df, geschl., Silikon w.\/PTFE blau, 1,3mm"},"content":{"rendered":"<p>Gebondeter, geschlossener Schraubverschluss mit 18-400er Gewinde, um Aufbewahrungsflaschen (702098) f\u00fcr fl\u00fcssige Proben \u00fcber einen l\u00e4ngeren Zeitraum fest abzudichten. Das Septum ist fest mit der Kappe verbunden und kann nicht entfernt werden. Bitte beachten Sie, dass dieser PP Schraubverschluss nicht in Kombination mit den Gewindeflaschen 702866, 702826 und 702826.2 verwendet werden kann, da sich das 18-400 Gewindedesign dieser Kappe von dem nicht genormten der Flaschen unterscheidet.<\/p>\n","protected":false},"excerpt":{"rendered":"<p>Gebondeter, geschlossener Schraubverschluss mit 18-400er Gewinde, um Aufbewahrungsflaschen (702098) f\u00fcr fl\u00fcssige Proben \u00fcber einen l\u00e4ngeren Zeitraum fest abzudichten. Das Septum ist fest mit der Kappe verbunden und kann nicht entfernt werden. Bitte beachten Sie, dass dieser PP Schraubverschluss nicht in Kombination mit den Gewindeflaschen 702866, 702826 und 702826.2 verwendet werden kann, da sich das 18-400 [&hellip;]<\/p>\n","protected":false},"featured_media":5448,"comment_status":"open","ping_status":"closed","template":"","meta":[],"product_cat":[25,38,42,41],"product_tag":[],"class_list":{"0":"post-5426","1":"product","2":"type-product","3":"status-publish","4":"has-post-thumbnail","6":"product_cat-chromatographie","7":"product_cat-flaschen-und-verschluesse","8":"product_cat-kappen-und-septen","9":"product_cat-verschluesse","11":"first","12":"instock","13":"shipping-taxable","14":"product-type-simple"},"_links":{"self":[{"href":"https:\/\/eam-scientific.com\/de\/wp-json\/wp\/v2\/product\/5426","targetHints":{"allow":["GET"]}}],"collection":[{"href":"https:\/\/eam-scientific.com\/de\/wp-json\/wp\/v2\/product"}],"about":[{"href":"https:\/\/eam-scientific.com\/de\/wp-json\/wp\/v2\/types\/product"}],"replies":[{"embeddable":true,"href":"https:\/\/eam-scientific.com\/de\/wp-json\/wp\/v2\/comments?post=5426"}],"wp:featuredmedia":[{"embeddable":true,"href":"https:\/\/eam-scientific.com\/de\/wp-json\/wp\/v2\/media\/5448"}],"wp:attachment":[{"href":"https:\/\/eam-scientific.com\/de\/wp-json\/wp\/v2\/media?parent=5426"}],"wp:term":[{"taxonomy":"product_cat","embeddable":true,"href":"https:\/\/eam-scientific.com\/de\/wp-json\/wp\/v2\/product_cat?post=5426"},{"taxonomy":"product_tag","embeddable":true,"href":"https:\/\/eam-scientific.com\/de\/wp-json\/wp\/v2\/product_tag?post=5426"}],"curies":[{"name":"wp","href":"https:\/\/api.w.org\/{rel}","templated":true}]}}