{"id":5427,"date":"2024-06-20T15:07:13","date_gmt":"2024-06-20T13:07:13","guid":{"rendered":"https:\/\/eam-scientific.com\/?post_type=product&#038;p=5427"},"modified":"2024-06-28T10:14:52","modified_gmt":"2024-06-28T08:14:52","slug":"septum-n-8-silikon-ptfe-weiss-rot-1-3-mm-45-shore-a","status":"publish","type":"product","link":"https:\/\/eam-scientific.com\/de\/produkt\/septum-n-8-silikon-ptfe-weiss-rot-1-3-mm-45-shore-a\/","title":{"rendered":"Septum N 8, Silikon\/PTFE, Wei\u00df\/rot, 1.3 mm, 45\u00b0 shore A"},"content":{"rendered":"<p>Ersatzsepten werden nicht f\u00fcr alle Verschlusstypen und -gr\u00f6\u00dfen angeboten, da eine manuelle Montage aufgrund des Kontaminationsrisikos und einer m\u00f6glichen falschen Seitenorientierung nicht empfehlenswert ist. F\u00fcr die g\u00e4ngigsten Gr\u00f6\u00dfen und Septenmaterialien bieten wir diese jedoch zusammen mit den entsprechenden Leerkappen an. Einzelne Septen N 8 k\u00f6nnen nur mit den Schraubkappen N 8 verwendet werden; sie sind nicht f\u00fcr die B\u00f6rdelkappen N 8 geeignet. Bitte beachten Sie, dass der Nenndurchmesser der Septen aufgrund der Wandst\u00e4rke der Kappe manchmal kleiner als der ND der Kappe sein kann (z.B. werden Septen N 12 in Schraubkappen N 13 montiert).<\/p>\n","protected":false},"excerpt":{"rendered":"<p>Ersatzsepten werden nicht f\u00fcr alle Verschlusstypen und -gr\u00f6\u00dfen angeboten, da eine manuelle Montage aufgrund des Kontaminationsrisikos und einer m\u00f6glichen falschen Seitenorientierung nicht empfehlenswert ist. F\u00fcr die g\u00e4ngigsten Gr\u00f6\u00dfen und Septenmaterialien bieten wir diese jedoch zusammen mit den entsprechenden Leerkappen an. Einzelne Septen N 8 k\u00f6nnen nur mit den Schraubkappen N 8 verwendet werden; sie sind [&hellip;]<\/p>\n","protected":false},"featured_media":5449,"comment_status":"open","ping_status":"closed","template":"","meta":[],"product_cat":[25,38,42,41],"product_tag":[],"class_list":{"0":"post-5427","1":"product","2":"type-product","3":"status-publish","4":"has-post-thumbnail","6":"product_cat-chromatographie","7":"product_cat-flaschen-und-verschluesse","8":"product_cat-kappen-und-septen","9":"product_cat-verschluesse","11":"first","12":"instock","13":"shipping-taxable","14":"product-type-simple"},"_links":{"self":[{"href":"https:\/\/eam-scientific.com\/de\/wp-json\/wp\/v2\/product\/5427","targetHints":{"allow":["GET"]}}],"collection":[{"href":"https:\/\/eam-scientific.com\/de\/wp-json\/wp\/v2\/product"}],"about":[{"href":"https:\/\/eam-scientific.com\/de\/wp-json\/wp\/v2\/types\/product"}],"replies":[{"embeddable":true,"href":"https:\/\/eam-scientific.com\/de\/wp-json\/wp\/v2\/comments?post=5427"}],"wp:featuredmedia":[{"embeddable":true,"href":"https:\/\/eam-scientific.com\/de\/wp-json\/wp\/v2\/media\/5449"}],"wp:attachment":[{"href":"https:\/\/eam-scientific.com\/de\/wp-json\/wp\/v2\/media?parent=5427"}],"wp:term":[{"taxonomy":"product_cat","embeddable":true,"href":"https:\/\/eam-scientific.com\/de\/wp-json\/wp\/v2\/product_cat?post=5427"},{"taxonomy":"product_tag","embeddable":true,"href":"https:\/\/eam-scientific.com\/de\/wp-json\/wp\/v2\/product_tag?post=5427"}],"curies":[{"name":"wp","href":"https:\/\/api.w.org\/{rel}","templated":true}]}}