{"id":5429,"date":"2024-06-20T15:07:13","date_gmt":"2024-06-20T13:07:13","guid":{"rendered":"https:\/\/eam-scientific.com\/?post_type=product&#038;p=5429"},"modified":"2024-06-28T10:14:52","modified_gmt":"2024-06-28T08:14:52","slug":"boerdelverschluss-n20alu-berstkappe-lochbutyl-hellgrau-ptfe-dunkelgrau30mm","status":"publish","type":"product","link":"https:\/\/eam-scientific.com\/de\/produkt\/boerdelverschluss-n20alu-berstkappe-lochbutyl-hellgrau-ptfe-dunkelgrau30mm\/","title":{"rendered":"B\u00f6rdelverschluss, N20,alu.,Berstkappe, Loch,Butyl hellgrau\/PTFE dunkelgrau,3,0mm"},"content":{"rendered":"<p>Butyl\/PTFE Verschluss mit einer guten analytischen Reinheit. \u00c4quivalenter Verschluss zu 70234.8, nur mit einer Stanz- statt einer Formscheibe. Sehr gutes Preis-Leistungsverh\u00e4ltnis. Die Haltestege der Sollbruchlinien der Kappe \u00f6ffnen sich bei einem Flascheninnendruck von mehr als 3 bar&nbsp;(\u00b1 0.5 bar) und lassen so \u00dcberdruck kontrolliert entweichen. Die Funktionalit\u00e4t der Berstkappe ist nicht abh\u00e4ngig vom Design des Rollrandes (abgeschr\u00e4gter oder flacher Rollrand).<\/p>\n","protected":false},"excerpt":{"rendered":"<p>Butyl\/PTFE Verschluss mit einer guten analytischen Reinheit. \u00c4quivalenter Verschluss zu 70234.8, nur mit einer Stanz- statt einer Formscheibe. Sehr gutes Preis-Leistungsverh\u00e4ltnis. Die Haltestege der Sollbruchlinien der Kappe \u00f6ffnen sich bei einem Flascheninnendruck von mehr als 3 bar&nbsp;(\u00b1 0.5 bar) und lassen so \u00dcberdruck kontrolliert entweichen. Die Funktionalit\u00e4t der Berstkappe ist nicht abh\u00e4ngig vom Design des [&hellip;]<\/p>\n","protected":false},"featured_media":5451,"comment_status":"open","ping_status":"closed","template":"","meta":[],"product_cat":[25,38,42,41],"product_tag":[],"class_list":{"0":"post-5429","1":"product","2":"type-product","3":"status-publish","4":"has-post-thumbnail","6":"product_cat-chromatographie","7":"product_cat-flaschen-und-verschluesse","8":"product_cat-kappen-und-septen","9":"product_cat-verschluesse","11":"first","12":"instock","13":"shipping-taxable","14":"product-type-simple"},"_links":{"self":[{"href":"https:\/\/eam-scientific.com\/de\/wp-json\/wp\/v2\/product\/5429","targetHints":{"allow":["GET"]}}],"collection":[{"href":"https:\/\/eam-scientific.com\/de\/wp-json\/wp\/v2\/product"}],"about":[{"href":"https:\/\/eam-scientific.com\/de\/wp-json\/wp\/v2\/types\/product"}],"replies":[{"embeddable":true,"href":"https:\/\/eam-scientific.com\/de\/wp-json\/wp\/v2\/comments?post=5429"}],"wp:featuredmedia":[{"embeddable":true,"href":"https:\/\/eam-scientific.com\/de\/wp-json\/wp\/v2\/media\/5451"}],"wp:attachment":[{"href":"https:\/\/eam-scientific.com\/de\/wp-json\/wp\/v2\/media?parent=5429"}],"wp:term":[{"taxonomy":"product_cat","embeddable":true,"href":"https:\/\/eam-scientific.com\/de\/wp-json\/wp\/v2\/product_cat?post=5429"},{"taxonomy":"product_tag","embeddable":true,"href":"https:\/\/eam-scientific.com\/de\/wp-json\/wp\/v2\/product_tag?post=5429"}],"curies":[{"name":"wp","href":"https:\/\/api.w.org\/{rel}","templated":true}]}}