{"id":5435,"date":"2024-06-20T15:07:13","date_gmt":"2024-06-20T13:07:13","guid":{"rendered":"https:\/\/eam-scientific.com\/?post_type=product&#038;p=5435"},"modified":"2024-06-28T10:14:59","modified_gmt":"2024-06-28T08:14:59","slug":"boerdelverschluss-n-8-alu-loch-red-rubber-fep-farblos-10-mm","status":"publish","type":"product","link":"https:\/\/eam-scientific.com\/de\/produkt\/boerdelverschluss-n-8-alu-loch-red-rubber-fep-farblos-10-mm\/","title":{"rendered":"B\u00f6rdelverschluss, N 8, Alu., Loch, Red Rubber\/FEP farblos, 1,0 mm"},"content":{"rendered":"<p>Die Aluminium B\u00f6rdelverschl\u00fcsse N 8 sind mit einer breiten Auswahl an verschiedenen Septenmaterialien erh\u00e4ltlich. Red Rubber\/FEP ist ein Basis-Septenmaterial f\u00fcr die Routineanalytik, w\u00e4hrend Silikon\/PTFE oder PTFE\/Silikon\/PTFE qualitativ h\u00f6herwertige Materialien sind, die eine bessere analytische Reinheit bieten. Alle Verschl\u00fcsse werden vollautomatisch unter strengen hygienischen Bedingungen montiert.<\/p>\n","protected":false},"excerpt":{"rendered":"<p>Die Aluminium B\u00f6rdelverschl\u00fcsse N 8 sind mit einer breiten Auswahl an verschiedenen Septenmaterialien erh\u00e4ltlich. Red Rubber\/FEP ist ein Basis-Septenmaterial f\u00fcr die Routineanalytik, w\u00e4hrend Silikon\/PTFE oder PTFE\/Silikon\/PTFE qualitativ h\u00f6herwertige Materialien sind, die eine bessere analytische Reinheit bieten. Alle Verschl\u00fcsse werden vollautomatisch unter strengen hygienischen Bedingungen montiert.<\/p>\n","protected":false},"featured_media":5457,"comment_status":"open","ping_status":"closed","template":"","meta":[],"product_cat":[25,38,42,41],"product_tag":[],"class_list":{"0":"post-5435","1":"product","2":"type-product","3":"status-publish","4":"has-post-thumbnail","6":"product_cat-chromatographie","7":"product_cat-flaschen-und-verschluesse","8":"product_cat-kappen-und-septen","9":"product_cat-verschluesse","11":"first","12":"instock","13":"shipping-taxable","14":"product-type-simple"},"_links":{"self":[{"href":"https:\/\/eam-scientific.com\/de\/wp-json\/wp\/v2\/product\/5435","targetHints":{"allow":["GET"]}}],"collection":[{"href":"https:\/\/eam-scientific.com\/de\/wp-json\/wp\/v2\/product"}],"about":[{"href":"https:\/\/eam-scientific.com\/de\/wp-json\/wp\/v2\/types\/product"}],"replies":[{"embeddable":true,"href":"https:\/\/eam-scientific.com\/de\/wp-json\/wp\/v2\/comments?post=5435"}],"wp:featuredmedia":[{"embeddable":true,"href":"https:\/\/eam-scientific.com\/de\/wp-json\/wp\/v2\/media\/5457"}],"wp:attachment":[{"href":"https:\/\/eam-scientific.com\/de\/wp-json\/wp\/v2\/media?parent=5435"}],"wp:term":[{"taxonomy":"product_cat","embeddable":true,"href":"https:\/\/eam-scientific.com\/de\/wp-json\/wp\/v2\/product_cat?post=5435"},{"taxonomy":"product_tag","embeddable":true,"href":"https:\/\/eam-scientific.com\/de\/wp-json\/wp\/v2\/product_tag?post=5435"}],"curies":[{"name":"wp","href":"https:\/\/api.w.org\/{rel}","templated":true}]}}