{"id":5440,"date":"2024-06-20T15:07:13","date_gmt":"2024-06-20T13:07:13","guid":{"rendered":"https:\/\/eam-scientific.com\/?post_type=product&#038;p=5440"},"modified":"2024-06-28T10:15:00","modified_gmt":"2024-06-28T08:15:00","slug":"schraubverschluss-n-8-pp-schwarz-loch-ptfe-rot-silikon-w-ptfe-rot-10mm","status":"publish","type":"product","link":"https:\/\/eam-scientific.com\/de\/produkt\/schraubverschluss-n-8-pp-schwarz-loch-ptfe-rot-silikon-w-ptfe-rot-10mm\/","title":{"rendered":"Schraubverschluss, N 8, PP, schwarz, Loch, PTFE rot\/Silikon w.\/PTFE rot, 1,0mm"},"content":{"rendered":"<p>Diese Schraubverschl\u00fcsse N 8 eignen sich zum Verschlie\u00dfen von 8-425er Gewindeflaschen mit enger (Standard) \u00d6ffnung.<\/p>\n","protected":false},"excerpt":{"rendered":"<p>Diese Schraubverschl\u00fcsse N 8 eignen sich zum Verschlie\u00dfen von 8-425er Gewindeflaschen mit enger (Standard) \u00d6ffnung.<\/p>\n","protected":false},"featured_media":5476,"comment_status":"open","ping_status":"closed","template":"","meta":[],"product_cat":[25,38,42,41],"product_tag":[],"class_list":{"0":"post-5440","1":"product","2":"type-product","3":"status-publish","4":"has-post-thumbnail","6":"product_cat-chromatographie","7":"product_cat-flaschen-und-verschluesse","8":"product_cat-kappen-und-septen","9":"product_cat-verschluesse","11":"first","12":"instock","13":"shipping-taxable","14":"product-type-simple"},"_links":{"self":[{"href":"https:\/\/eam-scientific.com\/de\/wp-json\/wp\/v2\/product\/5440","targetHints":{"allow":["GET"]}}],"collection":[{"href":"https:\/\/eam-scientific.com\/de\/wp-json\/wp\/v2\/product"}],"about":[{"href":"https:\/\/eam-scientific.com\/de\/wp-json\/wp\/v2\/types\/product"}],"replies":[{"embeddable":true,"href":"https:\/\/eam-scientific.com\/de\/wp-json\/wp\/v2\/comments?post=5440"}],"wp:featuredmedia":[{"embeddable":true,"href":"https:\/\/eam-scientific.com\/de\/wp-json\/wp\/v2\/media\/5476"}],"wp:attachment":[{"href":"https:\/\/eam-scientific.com\/de\/wp-json\/wp\/v2\/media?parent=5440"}],"wp:term":[{"taxonomy":"product_cat","embeddable":true,"href":"https:\/\/eam-scientific.com\/de\/wp-json\/wp\/v2\/product_cat?post=5440"},{"taxonomy":"product_tag","embeddable":true,"href":"https:\/\/eam-scientific.com\/de\/wp-json\/wp\/v2\/product_tag?post=5440"}],"curies":[{"name":"wp","href":"https:\/\/api.w.org\/{rel}","templated":true}]}}