{"id":5461,"date":"2024-06-20T15:07:35","date_gmt":"2024-06-20T13:07:35","guid":{"rendered":"https:\/\/eam-scientific.com\/?post_type=product&#038;p=5461"},"modified":"2024-06-28T10:15:00","modified_gmt":"2024-06-28T08:15:00","slug":"boerdelverschluss-n20-alu-berstkappelochsilikon-w-ptfe-beige3mm","status":"publish","type":"product","link":"https:\/\/eam-scientific.com\/de\/produkt\/boerdelverschluss-n20-alu-berstkappelochsilikon-w-ptfe-beige3mm\/","title":{"rendered":"B\u00f6rdelverschluss, N20, alu.,Berstkappe,Loch,Silikon w.\/PTFE beige,3mm"},"content":{"rendered":"<p>Leicht zu penetrierender, hochreiner Silikon\/PTFE Verschluss f\u00fcr kritische Analysen mit einem guten Preis-Leistungsverh\u00e4ltnis. Kann auch bei hohen Temperaturen verwendet werden. Die Haltestege der Sollbruchlinien der Kappe \u00f6ffnen sich bei einem Flascheninnendruck von mehr als 3 bar&nbsp;(\u00b1 0.5 bar) und lassen so \u00dcberdruck kontrolliert entweichen. Die Funktionalit\u00e4t der Berstkappe ist nicht abh\u00e4ngig vom Design des Rollrandes (abgeschr\u00e4gter oder flacher Rollrand). Wird typischerweise auf Agilent und PerkinElmer Ger\u00e4ten eingesetzt.<\/p>\n","protected":false},"excerpt":{"rendered":"<p>Leicht zu penetrierender, hochreiner Silikon\/PTFE Verschluss f\u00fcr kritische Analysen mit einem guten Preis-Leistungsverh\u00e4ltnis. Kann auch bei hohen Temperaturen verwendet werden. Die Haltestege der Sollbruchlinien der Kappe \u00f6ffnen sich bei einem Flascheninnendruck von mehr als 3 bar&nbsp;(\u00b1 0.5 bar) und lassen so \u00dcberdruck kontrolliert entweichen. Die Funktionalit\u00e4t der Berstkappe ist nicht abh\u00e4ngig vom Design des Rollrandes [&hellip;]<\/p>\n","protected":false},"featured_media":5478,"comment_status":"open","ping_status":"closed","template":"","meta":[],"product_cat":[25,38,42,41],"product_tag":[],"class_list":{"0":"post-5461","1":"product","2":"type-product","3":"status-publish","4":"has-post-thumbnail","6":"product_cat-chromatographie","7":"product_cat-flaschen-und-verschluesse","8":"product_cat-kappen-und-septen","9":"product_cat-verschluesse","11":"first","12":"instock","13":"shipping-taxable","14":"product-type-simple"},"_links":{"self":[{"href":"https:\/\/eam-scientific.com\/de\/wp-json\/wp\/v2\/product\/5461","targetHints":{"allow":["GET"]}}],"collection":[{"href":"https:\/\/eam-scientific.com\/de\/wp-json\/wp\/v2\/product"}],"about":[{"href":"https:\/\/eam-scientific.com\/de\/wp-json\/wp\/v2\/types\/product"}],"replies":[{"embeddable":true,"href":"https:\/\/eam-scientific.com\/de\/wp-json\/wp\/v2\/comments?post=5461"}],"wp:featuredmedia":[{"embeddable":true,"href":"https:\/\/eam-scientific.com\/de\/wp-json\/wp\/v2\/media\/5478"}],"wp:attachment":[{"href":"https:\/\/eam-scientific.com\/de\/wp-json\/wp\/v2\/media?parent=5461"}],"wp:term":[{"taxonomy":"product_cat","embeddable":true,"href":"https:\/\/eam-scientific.com\/de\/wp-json\/wp\/v2\/product_cat?post=5461"},{"taxonomy":"product_tag","embeddable":true,"href":"https:\/\/eam-scientific.com\/de\/wp-json\/wp\/v2\/product_tag?post=5461"}],"curies":[{"name":"wp","href":"https:\/\/api.w.org\/{rel}","templated":true}]}}