{"id":5497,"date":"2024-06-20T15:07:53","date_gmt":"2024-06-20T13:07:53","guid":{"rendered":"https:\/\/eam-scientific.com\/?post_type=product&#038;p=5497"},"modified":"2024-06-28T10:15:26","modified_gmt":"2024-06-28T08:15:26","slug":"schnappringverschl-n-11-petransp-geschl-ohne-septumduenne-durchstichstelle","status":"publish","type":"product","link":"https:\/\/eam-scientific.com\/de\/produkt\/schnappringverschl-n-11-petransp-geschl-ohne-septumduenne-durchstichstelle\/","title":{"rendered":"Schnappringverschl., N 11, PE,transp.,geschl.,ohne Septum,d\u00fcnne Durchstichstelle"},"content":{"rendered":"<p>Einfache Push-on Kappe f\u00fcr Schnappringflaschen und Rollrandflaschen. Verd\u00fcnnte Durchstichstelle f\u00fcr eine sichere Penetration der Nadel.<\/p>\n","protected":false},"excerpt":{"rendered":"<p>Einfache Push-on Kappe f\u00fcr Schnappringflaschen und Rollrandflaschen. Verd\u00fcnnte Durchstichstelle f\u00fcr eine sichere Penetration der Nadel.<\/p>\n","protected":false},"featured_media":5521,"comment_status":"open","ping_status":"closed","template":"","meta":[],"product_cat":[25,38,42,41],"product_tag":[],"class_list":{"0":"post-5497","1":"product","2":"type-product","3":"status-publish","4":"has-post-thumbnail","6":"product_cat-chromatographie","7":"product_cat-flaschen-und-verschluesse","8":"product_cat-kappen-und-septen","9":"product_cat-verschluesse","11":"first","12":"instock","13":"shipping-taxable","14":"product-type-simple"},"_links":{"self":[{"href":"https:\/\/eam-scientific.com\/de\/wp-json\/wp\/v2\/product\/5497","targetHints":{"allow":["GET"]}}],"collection":[{"href":"https:\/\/eam-scientific.com\/de\/wp-json\/wp\/v2\/product"}],"about":[{"href":"https:\/\/eam-scientific.com\/de\/wp-json\/wp\/v2\/types\/product"}],"replies":[{"embeddable":true,"href":"https:\/\/eam-scientific.com\/de\/wp-json\/wp\/v2\/comments?post=5497"}],"wp:featuredmedia":[{"embeddable":true,"href":"https:\/\/eam-scientific.com\/de\/wp-json\/wp\/v2\/media\/5521"}],"wp:attachment":[{"href":"https:\/\/eam-scientific.com\/de\/wp-json\/wp\/v2\/media?parent=5497"}],"wp:term":[{"taxonomy":"product_cat","embeddable":true,"href":"https:\/\/eam-scientific.com\/de\/wp-json\/wp\/v2\/product_cat?post=5497"},{"taxonomy":"product_tag","embeddable":true,"href":"https:\/\/eam-scientific.com\/de\/wp-json\/wp\/v2\/product_tag?post=5497"}],"curies":[{"name":"wp","href":"https:\/\/api.w.org\/{rel}","templated":true}]}}