{"id":5505,"date":"2024-06-20T15:07:53","date_gmt":"2024-06-20T13:07:53","guid":{"rendered":"https:\/\/eam-scientific.com\/?post_type=product&#038;p=5505"},"modified":"2024-06-28T10:15:28","modified_gmt":"2024-06-28T08:15:28","slug":"schnappringverschl-n-11peharttr-lochsil-w-ptfe-blaukreuzgeschl-10mm","status":"publish","type":"product","link":"https:\/\/eam-scientific.com\/de\/produkt\/schnappringverschl-n-11peharttr-lochsil-w-ptfe-blaukreuzgeschl-10mm\/","title":{"rendered":"Schnappringverschl., N 11,PE(hart),tr.,Loch,Sil.w.\/PTFE blau,kreuzgeschl.,1,0mm"},"content":{"rendered":"<p>Harte Schnappringkappen f\u00fcr bessere Dichtigkeit; weiche f\u00fcr leichteres Handling. Aufgrund des kreuzgeschlitzten Septums besonders gut geeignet f\u00fcr dicke\/stumpfe HPLC-Nadeln.<\/p>\n","protected":false},"excerpt":{"rendered":"<p>Harte Schnappringkappen f\u00fcr bessere Dichtigkeit; weiche f\u00fcr leichteres Handling. Aufgrund des kreuzgeschlitzten Septums besonders gut geeignet f\u00fcr dicke\/stumpfe HPLC-Nadeln.<\/p>\n","protected":false},"featured_media":5529,"comment_status":"open","ping_status":"closed","template":"","meta":[],"product_cat":[25,38,42,41],"product_tag":[],"class_list":{"0":"post-5505","1":"product","2":"type-product","3":"status-publish","4":"has-post-thumbnail","6":"product_cat-chromatographie","7":"product_cat-flaschen-und-verschluesse","8":"product_cat-kappen-und-septen","9":"product_cat-verschluesse","11":"first","12":"instock","13":"shipping-taxable","14":"product-type-simple"},"_links":{"self":[{"href":"https:\/\/eam-scientific.com\/de\/wp-json\/wp\/v2\/product\/5505","targetHints":{"allow":["GET"]}}],"collection":[{"href":"https:\/\/eam-scientific.com\/de\/wp-json\/wp\/v2\/product"}],"about":[{"href":"https:\/\/eam-scientific.com\/de\/wp-json\/wp\/v2\/types\/product"}],"replies":[{"embeddable":true,"href":"https:\/\/eam-scientific.com\/de\/wp-json\/wp\/v2\/comments?post=5505"}],"wp:featuredmedia":[{"embeddable":true,"href":"https:\/\/eam-scientific.com\/de\/wp-json\/wp\/v2\/media\/5529"}],"wp:attachment":[{"href":"https:\/\/eam-scientific.com\/de\/wp-json\/wp\/v2\/media?parent=5505"}],"wp:term":[{"taxonomy":"product_cat","embeddable":true,"href":"https:\/\/eam-scientific.com\/de\/wp-json\/wp\/v2\/product_cat?post=5505"},{"taxonomy":"product_tag","embeddable":true,"href":"https:\/\/eam-scientific.com\/de\/wp-json\/wp\/v2\/product_tag?post=5505"}],"curies":[{"name":"wp","href":"https:\/\/api.w.org\/{rel}","templated":true}]}}