{"id":5512,"date":"2024-06-20T15:07:53","date_gmt":"2024-06-20T13:07:53","guid":{"rendered":"https:\/\/eam-scientific.com\/?post_type=product&#038;p=5512"},"modified":"2024-06-28T10:15:32","modified_gmt":"2024-06-28T08:15:32","slug":"boerdelverschluss-n-20-alu-loch-silikon-weiss-ptfe-beige-30-mm","status":"publish","type":"product","link":"https:\/\/eam-scientific.com\/de\/produkt\/boerdelverschluss-n-20-alu-loch-silikon-weiss-ptfe-beige-30-mm\/","title":{"rendered":"B\u00f6rdelverschluss, N 20, alu., Loch, Silikon wei\u00df\/PTFE beige, 3,0 mm"},"content":{"rendered":"<p>Leicht zu penetrierender, hochreiner Silikon\/PTFE Verschluss f\u00fcr kritische Analysen mit einem guten Preis-Leistungsverh\u00e4ltnis. Kann auch bei hohen Temperaturen verwendet werden. Wird typischerweise auf Agilent und PerkinElmer Ger\u00e4ten eingesetzt.<\/p>\n","protected":false},"excerpt":{"rendered":"<p>Leicht zu penetrierender, hochreiner Silikon\/PTFE Verschluss f\u00fcr kritische Analysen mit einem guten Preis-Leistungsverh\u00e4ltnis. Kann auch bei hohen Temperaturen verwendet werden. Wird typischerweise auf Agilent und PerkinElmer Ger\u00e4ten eingesetzt.<\/p>\n","protected":false},"featured_media":5550,"comment_status":"open","ping_status":"closed","template":"","meta":[],"product_cat":[25,38,42,41],"product_tag":[],"class_list":{"0":"post-5512","1":"product","2":"type-product","3":"status-publish","4":"has-post-thumbnail","6":"product_cat-chromatographie","7":"product_cat-flaschen-und-verschluesse","8":"product_cat-kappen-und-septen","9":"product_cat-verschluesse","11":"first","12":"instock","13":"shipping-taxable","14":"product-type-simple"},"_links":{"self":[{"href":"https:\/\/eam-scientific.com\/de\/wp-json\/wp\/v2\/product\/5512","targetHints":{"allow":["GET"]}}],"collection":[{"href":"https:\/\/eam-scientific.com\/de\/wp-json\/wp\/v2\/product"}],"about":[{"href":"https:\/\/eam-scientific.com\/de\/wp-json\/wp\/v2\/types\/product"}],"replies":[{"embeddable":true,"href":"https:\/\/eam-scientific.com\/de\/wp-json\/wp\/v2\/comments?post=5512"}],"wp:featuredmedia":[{"embeddable":true,"href":"https:\/\/eam-scientific.com\/de\/wp-json\/wp\/v2\/media\/5550"}],"wp:attachment":[{"href":"https:\/\/eam-scientific.com\/de\/wp-json\/wp\/v2\/media?parent=5512"}],"wp:term":[{"taxonomy":"product_cat","embeddable":true,"href":"https:\/\/eam-scientific.com\/de\/wp-json\/wp\/v2\/product_cat?post=5512"},{"taxonomy":"product_tag","embeddable":true,"href":"https:\/\/eam-scientific.com\/de\/wp-json\/wp\/v2\/product_tag?post=5512"}],"curies":[{"name":"wp","href":"https:\/\/api.w.org\/{rel}","templated":true}]}}