{"id":5538,"date":"2024-06-20T15:08:15","date_gmt":"2024-06-20T13:08:15","guid":{"rendered":"https:\/\/eam-scientific.com\/?post_type=product&#038;p=5538"},"modified":"2024-06-28T10:15:51","modified_gmt":"2024-06-28T08:15:51","slug":"boerdelverschluss-n-11-alu-loch-naturkauschuk-butyl-tef-10-mm","status":"publish","type":"product","link":"https:\/\/eam-scientific.com\/de\/produkt\/boerdelverschluss-n-11-alu-loch-naturkauschuk-butyl-tef-10-mm\/","title":{"rendered":"B\u00f6rdelverschluss, N 11, alu., Loch, Naturkauschuk\/Butyl\/TEF, 1,0 mm"},"content":{"rendered":"<p>Dieser Verschluss geh\u00f6rt zu unserer gro\u00dfen Auswahl an 11 mm Aluminium B\u00f6rdelverschl\u00fcssen. Neben dem Red Rubber\/FEP Verschluss geh\u00f6rt er zu den beliebtesten f\u00fcr die Routineanalytik. Viele B\u00f6rdelverschl\u00fcsse sind auch mit verschiedenen Kappenfarben erh\u00e4ltlich, mit denen verschiedene Probentypen, Labore oder Schichten markiert werden k\u00f6nnen.<\/p>\n","protected":false},"excerpt":{"rendered":"<p>Dieser Verschluss geh\u00f6rt zu unserer gro\u00dfen Auswahl an 11 mm Aluminium B\u00f6rdelverschl\u00fcssen. Neben dem Red Rubber\/FEP Verschluss geh\u00f6rt er zu den beliebtesten f\u00fcr die Routineanalytik. Viele B\u00f6rdelverschl\u00fcsse sind auch mit verschiedenen Kappenfarben erh\u00e4ltlich, mit denen verschiedene Probentypen, Labore oder Schichten markiert werden k\u00f6nnen.<\/p>\n","protected":false},"featured_media":5556,"comment_status":"open","ping_status":"closed","template":"","meta":[],"product_cat":[25,38,42,41],"product_tag":[],"class_list":{"0":"post-5538","1":"product","2":"type-product","3":"status-publish","4":"has-post-thumbnail","6":"product_cat-chromatographie","7":"product_cat-flaschen-und-verschluesse","8":"product_cat-kappen-und-septen","9":"product_cat-verschluesse","11":"first","12":"instock","13":"shipping-taxable","14":"product-type-simple"},"_links":{"self":[{"href":"https:\/\/eam-scientific.com\/de\/wp-json\/wp\/v2\/product\/5538","targetHints":{"allow":["GET"]}}],"collection":[{"href":"https:\/\/eam-scientific.com\/de\/wp-json\/wp\/v2\/product"}],"about":[{"href":"https:\/\/eam-scientific.com\/de\/wp-json\/wp\/v2\/types\/product"}],"replies":[{"embeddable":true,"href":"https:\/\/eam-scientific.com\/de\/wp-json\/wp\/v2\/comments?post=5538"}],"wp:featuredmedia":[{"embeddable":true,"href":"https:\/\/eam-scientific.com\/de\/wp-json\/wp\/v2\/media\/5556"}],"wp:attachment":[{"href":"https:\/\/eam-scientific.com\/de\/wp-json\/wp\/v2\/media?parent=5538"}],"wp:term":[{"taxonomy":"product_cat","embeddable":true,"href":"https:\/\/eam-scientific.com\/de\/wp-json\/wp\/v2\/product_cat?post=5538"},{"taxonomy":"product_tag","embeddable":true,"href":"https:\/\/eam-scientific.com\/de\/wp-json\/wp\/v2\/product_tag?post=5538"}],"curies":[{"name":"wp","href":"https:\/\/api.w.org\/{rel}","templated":true}]}}