{"id":5568,"date":"2024-06-20T15:08:37","date_gmt":"2024-06-20T13:08:37","guid":{"rendered":"https:\/\/eam-scientific.com\/?post_type=product&#038;p=5568"},"modified":"2024-06-28T10:15:55","modified_gmt":"2024-06-28T08:15:55","slug":"vorverschlossene-flaschen-verschluss-komb-gewinde-n-24-702131-702058","status":"publish","type":"product","link":"https:\/\/eam-scientific.com\/de\/produkt\/vorverschlossene-flaschen-verschluss-komb-gewinde-n-24-702131-702058\/","title":{"rendered":"Vorverschlossene Flaschen-Verschluss Komb. Gewinde N 24 (702131 + 702058)"},"content":{"rendered":"<p>Vorverschlossene Flaschen-Verschluss Kombinationen zur Reduzierung des Kontaminationsrisikos w\u00e4hrend des Gebrauchs. Das Verschlie\u00dfen erfolgt unter strengen hygienischen Bedingungen. Sie k\u00f6nnen f\u00fcr jeden Flaschentyp mit einem Verschluss Ihrer Wahl ein individuelles Angebot f\u00fcr die entsprechende vorverschlossene Flaschen-Verschluss Kombination anfragen.<\/p>\n","protected":false},"excerpt":{"rendered":"<p>Vorverschlossene Flaschen-Verschluss Kombinationen zur Reduzierung des Kontaminationsrisikos w\u00e4hrend des Gebrauchs. Das Verschlie\u00dfen erfolgt unter strengen hygienischen Bedingungen. Sie k\u00f6nnen f\u00fcr jeden Flaschentyp mit einem Verschluss Ihrer Wahl ein individuelles Angebot f\u00fcr die entsprechende vorverschlossene Flaschen-Verschluss Kombination anfragen.<\/p>\n","protected":false},"featured_media":5586,"comment_status":"open","ping_status":"closed","template":"","meta":[],"product_cat":[25,38,43],"product_tag":[],"class_list":{"0":"post-5568","1":"product","2":"type-product","3":"status-publish","4":"has-post-thumbnail","6":"product_cat-chromatographie","7":"product_cat-flaschen-und-verschluesse","8":"product_cat-kombinationen-vorverschlossen-montiert","10":"first","11":"instock","12":"shipping-taxable","13":"product-type-simple"},"_links":{"self":[{"href":"https:\/\/eam-scientific.com\/de\/wp-json\/wp\/v2\/product\/5568","targetHints":{"allow":["GET"]}}],"collection":[{"href":"https:\/\/eam-scientific.com\/de\/wp-json\/wp\/v2\/product"}],"about":[{"href":"https:\/\/eam-scientific.com\/de\/wp-json\/wp\/v2\/types\/product"}],"replies":[{"embeddable":true,"href":"https:\/\/eam-scientific.com\/de\/wp-json\/wp\/v2\/comments?post=5568"}],"wp:featuredmedia":[{"embeddable":true,"href":"https:\/\/eam-scientific.com\/de\/wp-json\/wp\/v2\/media\/5586"}],"wp:attachment":[{"href":"https:\/\/eam-scientific.com\/de\/wp-json\/wp\/v2\/media?parent=5568"}],"wp:term":[{"taxonomy":"product_cat","embeddable":true,"href":"https:\/\/eam-scientific.com\/de\/wp-json\/wp\/v2\/product_cat?post=5568"},{"taxonomy":"product_tag","embeddable":true,"href":"https:\/\/eam-scientific.com\/de\/wp-json\/wp\/v2\/product_tag?post=5568"}],"curies":[{"name":"wp","href":"https:\/\/api.w.org\/{rel}","templated":true}]}}