{"id":5576,"date":"2024-06-20T15:08:37","date_gmt":"2024-06-20T13:08:37","guid":{"rendered":"https:\/\/eam-scientific.com\/?post_type=product&#038;p=5576"},"modified":"2024-06-28T10:15:55","modified_gmt":"2024-06-28T08:15:55","slug":"combipack-flasche-verschluss-70213-70245-jeweils-10x100-stueck","status":"publish","type":"product","link":"https:\/\/eam-scientific.com\/de\/produkt\/combipack-flasche-verschluss-70213-70245-jeweils-10x100-stueck\/","title":{"rendered":"Combipack Flasche-Verschluss (70213 + 70245), jeweils 10&#215;100 St\u00fcck"},"content":{"rendered":"<p>Anders als Vial Kits (je 1&#215;100 Flaschen\/Verschl\u00fcsse) sind Combipacks Gro\u00dfeinheiten, die im Karton statt in der schubladenartigen PP Box verpackt sind. Sie k\u00f6nnen aus Flaschen und Verschl\u00fcssen mit einer Menge gr\u00f6\u00dfer als jeweils 1&#215;100 Stk. bestehen oder lediglich aus einer Gro\u00dfmenge von Flaschen oder Verschl\u00fcssen, wie z.B. 50&#215;100 Stk. Flaschen.<\/p>\n","protected":false},"excerpt":{"rendered":"<p>Anders als Vial Kits (je 1&#215;100 Flaschen\/Verschl\u00fcsse) sind Combipacks Gro\u00dfeinheiten, die im Karton statt in der schubladenartigen PP Box verpackt sind. Sie k\u00f6nnen aus Flaschen und Verschl\u00fcssen mit einer Menge gr\u00f6\u00dfer als jeweils 1&#215;100 Stk. bestehen oder lediglich aus einer Gro\u00dfmenge von Flaschen oder Verschl\u00fcssen, wie z.B. 50&#215;100 Stk. Flaschen.<\/p>\n","protected":false},"featured_media":5594,"comment_status":"open","ping_status":"closed","template":"","meta":[],"product_cat":[25,38,43],"product_tag":[],"class_list":{"0":"post-5576","1":"product","2":"type-product","3":"status-publish","4":"has-post-thumbnail","6":"product_cat-chromatographie","7":"product_cat-flaschen-und-verschluesse","8":"product_cat-kombinationen-vorverschlossen-montiert","10":"first","11":"instock","12":"shipping-taxable","13":"product-type-simple"},"_links":{"self":[{"href":"https:\/\/eam-scientific.com\/de\/wp-json\/wp\/v2\/product\/5576","targetHints":{"allow":["GET"]}}],"collection":[{"href":"https:\/\/eam-scientific.com\/de\/wp-json\/wp\/v2\/product"}],"about":[{"href":"https:\/\/eam-scientific.com\/de\/wp-json\/wp\/v2\/types\/product"}],"replies":[{"embeddable":true,"href":"https:\/\/eam-scientific.com\/de\/wp-json\/wp\/v2\/comments?post=5576"}],"wp:featuredmedia":[{"embeddable":true,"href":"https:\/\/eam-scientific.com\/de\/wp-json\/wp\/v2\/media\/5594"}],"wp:attachment":[{"href":"https:\/\/eam-scientific.com\/de\/wp-json\/wp\/v2\/media?parent=5576"}],"wp:term":[{"taxonomy":"product_cat","embeddable":true,"href":"https:\/\/eam-scientific.com\/de\/wp-json\/wp\/v2\/product_cat?post=5576"},{"taxonomy":"product_tag","embeddable":true,"href":"https:\/\/eam-scientific.com\/de\/wp-json\/wp\/v2\/product_tag?post=5576"}],"curies":[{"name":"wp","href":"https:\/\/api.w.org\/{rel}","templated":true}]}}