{"id":5604,"date":"2024-06-20T15:08:58","date_gmt":"2024-06-20T13:08:58","guid":{"rendered":"https:\/\/eam-scientific.com\/?post_type=product&#038;p=5604"},"modified":"2024-06-28T10:16:09","modified_gmt":"2024-06-28T08:16:09","slug":"flaschenstaender-max-durchmesser-15-mm-50-pos-stapelbar-wenn-leer","status":"publish","type":"product","link":"https:\/\/eam-scientific.com\/de\/produkt\/flaschenstaender-max-durchmesser-15-mm-50-pos-stapelbar-wenn-leer\/","title":{"rendered":"Flaschenst\u00e4nder, max. Durchmesser 15 mm, 50 Pos., stapelbar (wenn leer)"},"content":{"rendered":"<p>Dieser Flaschenst\u00e4nder kann f\u00fcr alle Flaschen (max. Duchmesser von 15 mm) mit flachem Boden verwendet werden. Es handelt sich um einen 50 Positionen Polypropylen-Flaschenst\u00e4nder (Ma\u00dfe:240 x 120 x 28 mm). Hergestellt aus blauem, chemisch best\u00e4ndigem Kunststoff. Sicherer Stand der Probengef\u00e4\u00dfe auf dem Labortisch. Alpha-numerischer Index. Leere Flaschenst\u00e4nder sind stapelbar.<\/p>\n","protected":false},"excerpt":{"rendered":"<p>Dieser Flaschenst\u00e4nder kann f\u00fcr alle Flaschen (max. Duchmesser von 15 mm) mit flachem Boden verwendet werden. Es handelt sich um einen 50 Positionen Polypropylen-Flaschenst\u00e4nder (Ma\u00dfe:240 x 120 x 28 mm). Hergestellt aus blauem, chemisch best\u00e4ndigem Kunststoff. Sicherer Stand der Probengef\u00e4\u00dfe auf dem Labortisch. Alpha-numerischer Index. Leere Flaschenst\u00e4nder sind stapelbar.<\/p>\n","protected":false},"featured_media":5632,"comment_status":"open","ping_status":"closed","template":"","meta":[],"product_cat":[25,38,45],"product_tag":[],"class_list":{"0":"post-5604","1":"product","2":"type-product","3":"status-publish","4":"has-post-thumbnail","6":"product_cat-chromatographie","7":"product_cat-flaschen-und-verschluesse","8":"product_cat-flaschenstaender-und-behaelter","10":"first","11":"instock","12":"shipping-taxable","13":"product-type-simple"},"_links":{"self":[{"href":"https:\/\/eam-scientific.com\/de\/wp-json\/wp\/v2\/product\/5604","targetHints":{"allow":["GET"]}}],"collection":[{"href":"https:\/\/eam-scientific.com\/de\/wp-json\/wp\/v2\/product"}],"about":[{"href":"https:\/\/eam-scientific.com\/de\/wp-json\/wp\/v2\/types\/product"}],"replies":[{"embeddable":true,"href":"https:\/\/eam-scientific.com\/de\/wp-json\/wp\/v2\/comments?post=5604"}],"wp:featuredmedia":[{"embeddable":true,"href":"https:\/\/eam-scientific.com\/de\/wp-json\/wp\/v2\/media\/5632"}],"wp:attachment":[{"href":"https:\/\/eam-scientific.com\/de\/wp-json\/wp\/v2\/media?parent=5604"}],"wp:term":[{"taxonomy":"product_cat","embeddable":true,"href":"https:\/\/eam-scientific.com\/de\/wp-json\/wp\/v2\/product_cat?post=5604"},{"taxonomy":"product_tag","embeddable":true,"href":"https:\/\/eam-scientific.com\/de\/wp-json\/wp\/v2\/product_tag?post=5604"}],"curies":[{"name":"wp","href":"https:\/\/api.w.org\/{rel}","templated":true}]}}