{"id":5620,"date":"2024-06-20T15:09:20","date_gmt":"2024-06-20T13:09:20","guid":{"rendered":"https:\/\/eam-scientific.com\/?post_type=product&#038;p=5620"},"modified":"2024-06-28T10:16:09","modified_gmt":"2024-06-28T08:16:09","slug":"flaschenbehaelter-max-durchm-12-mm-81-pos-deckel-gefacheinsatz-stapelbar","status":"publish","type":"product","link":"https:\/\/eam-scientific.com\/de\/produkt\/flaschenbehaelter-max-durchm-12-mm-81-pos-deckel-gefacheinsatz-stapelbar\/","title":{"rendered":"Flaschenbeh\u00e4lter, max. Durchm. 12 mm, 81 Pos., Deckel + Gefacheinsatz, stapelbar"},"content":{"rendered":"<p>Erm\u00f6glichen einen gefahrlosen Transport von Probenflaschen. Sicherer Stand im Gefacheinsatz f\u00fcr Gewindeflaschen N 8, N 9, N 10 und Rollrand- sowie Schnappringflaschen N 11. Ideal f\u00fcr die platzsparende Unterbringung in K\u00fchlschr\u00e4nken, da der transparente Deckel Kondensation an den Verschl\u00fcssen und damit eine m\u00f6gliche Kontamination im K\u00fchlger\u00e4t verhindert. Die Flaschenbeh\u00e4lter sind f\u00fcr Gefrierschr\u00e4nke geeignet und temperaturbest\u00e4ndig von -100\u00b0 C bis 121\u00b0 C.<\/p>\n","protected":false},"excerpt":{"rendered":"<p>Erm\u00f6glichen einen gefahrlosen Transport von Probenflaschen. Sicherer Stand im Gefacheinsatz f\u00fcr Gewindeflaschen N 8, N 9, N 10 und Rollrand- sowie Schnappringflaschen N 11. Ideal f\u00fcr die platzsparende Unterbringung in K\u00fchlschr\u00e4nken, da der transparente Deckel Kondensation an den Verschl\u00fcssen und damit eine m\u00f6gliche Kontamination im K\u00fchlger\u00e4t verhindert. Die Flaschenbeh\u00e4lter sind f\u00fcr Gefrierschr\u00e4nke geeignet und temperaturbest\u00e4ndig [&hellip;]<\/p>\n","protected":false},"featured_media":5644,"comment_status":"open","ping_status":"closed","template":"","meta":[],"product_cat":[25,38,45],"product_tag":[],"class_list":{"0":"post-5620","1":"product","2":"type-product","3":"status-publish","4":"has-post-thumbnail","6":"product_cat-chromatographie","7":"product_cat-flaschen-und-verschluesse","8":"product_cat-flaschenstaender-und-behaelter","10":"first","11":"instock","12":"shipping-taxable","13":"product-type-simple"},"_links":{"self":[{"href":"https:\/\/eam-scientific.com\/de\/wp-json\/wp\/v2\/product\/5620","targetHints":{"allow":["GET"]}}],"collection":[{"href":"https:\/\/eam-scientific.com\/de\/wp-json\/wp\/v2\/product"}],"about":[{"href":"https:\/\/eam-scientific.com\/de\/wp-json\/wp\/v2\/types\/product"}],"replies":[{"embeddable":true,"href":"https:\/\/eam-scientific.com\/de\/wp-json\/wp\/v2\/comments?post=5620"}],"wp:featuredmedia":[{"embeddable":true,"href":"https:\/\/eam-scientific.com\/de\/wp-json\/wp\/v2\/media\/5644"}],"wp:attachment":[{"href":"https:\/\/eam-scientific.com\/de\/wp-json\/wp\/v2\/media?parent=5620"}],"wp:term":[{"taxonomy":"product_cat","embeddable":true,"href":"https:\/\/eam-scientific.com\/de\/wp-json\/wp\/v2\/product_cat?post=5620"},{"taxonomy":"product_tag","embeddable":true,"href":"https:\/\/eam-scientific.com\/de\/wp-json\/wp\/v2\/product_tag?post=5620"}],"curies":[{"name":"wp","href":"https:\/\/api.w.org\/{rel}","templated":true}]}}