{"id":5621,"date":"2024-06-20T15:09:20","date_gmt":"2024-06-20T13:09:20","guid":{"rendered":"https:\/\/eam-scientific.com\/?post_type=product&#038;p=5621"},"modified":"2024-06-28T10:16:09","modified_gmt":"2024-06-28T08:16:09","slug":"verschliesszange-fuer-8-mm-boerdelkappen-manuell-standard","status":"publish","type":"product","link":"https:\/\/eam-scientific.com\/de\/produkt\/verschliesszange-fuer-8-mm-boerdelkappen-manuell-standard\/","title":{"rendered":"Verschlie\u00dfzange f\u00fcr 8 mm B\u00f6rdelkappen, manuell, Standard"},"content":{"rendered":"<p>Manuelle Verschlie\u00dfzange (Standard) f\u00fcr 8 mm Aluminium B\u00f6rdelkappen.<\/p>\n","protected":false},"excerpt":{"rendered":"<p>Manuelle Verschlie\u00dfzange (Standard) f\u00fcr 8 mm Aluminium B\u00f6rdelkappen.<\/p>\n","protected":false},"featured_media":5645,"comment_status":"open","ping_status":"closed","template":"","meta":[],"product_cat":[25,38,46],"product_tag":[],"class_list":{"0":"post-5621","1":"product","2":"type-product","3":"status-publish","4":"has-post-thumbnail","6":"product_cat-chromatographie","7":"product_cat-flaschen-und-verschluesse","8":"product_cat-verschliess-und-oeffnungszangen","10":"first","11":"instock","12":"shipping-taxable","13":"product-type-simple"},"_links":{"self":[{"href":"https:\/\/eam-scientific.com\/de\/wp-json\/wp\/v2\/product\/5621","targetHints":{"allow":["GET"]}}],"collection":[{"href":"https:\/\/eam-scientific.com\/de\/wp-json\/wp\/v2\/product"}],"about":[{"href":"https:\/\/eam-scientific.com\/de\/wp-json\/wp\/v2\/types\/product"}],"replies":[{"embeddable":true,"href":"https:\/\/eam-scientific.com\/de\/wp-json\/wp\/v2\/comments?post=5621"}],"wp:featuredmedia":[{"embeddable":true,"href":"https:\/\/eam-scientific.com\/de\/wp-json\/wp\/v2\/media\/5645"}],"wp:attachment":[{"href":"https:\/\/eam-scientific.com\/de\/wp-json\/wp\/v2\/media?parent=5621"}],"wp:term":[{"taxonomy":"product_cat","embeddable":true,"href":"https:\/\/eam-scientific.com\/de\/wp-json\/wp\/v2\/product_cat?post=5621"},{"taxonomy":"product_tag","embeddable":true,"href":"https:\/\/eam-scientific.com\/de\/wp-json\/wp\/v2\/product_tag?post=5621"}],"curies":[{"name":"wp","href":"https:\/\/api.w.org\/{rel}","templated":true}]}}